{"id":90,"date":"2010-01-28T17:40:56","date_gmt":"2010-01-28T15:40:56","guid":{"rendered":"http:\/\/olympicwings.hellasbyfoot.com\/accommodation\/mount-olympus"},"modified":"2017-12-10T14:24:19","modified_gmt":"2017-12-10T12:24:19","slug":"mount-olympus","status":"publish","type":"page","link":"https:\/\/www.olympicwings.com\/de\/accommodation\/mount-olympus","title":{"rendered":"Olymp Gebirge"},"content":{"rendered":"<p><strong>G\u00e4stehaus Papanikolaou:<\/strong><br \/>\nDirekt am Fuss des Olymps liegt das G\u00e4stehaus Papanikolaou in der N\u00e4he des zentralen Marktplatzes von Litochoro. Es besteht aus zwei Geb\u00e4uden, die im lokalen Stil gebaut wurden und bietet 18 Zimmer, ausgestattet mit Badezimmer, K\u00fcche, TV, Klimaalage und Zentralheizung. Geniessen Sie im Winter den Kamin und im Sommer den Balkon mit Aussichten auf die h\u00f6chsten Gipfel, die Enipeas Schlucht und das \u00c4g\u00e4ische Meer.<\/p>\nngg_shortcode_3_placeholder\n<p><strong>Bergh\u00fctte A:<\/strong><br \/>\nDie Bergh\u00fctte A &#8222;Spilios Agapitos&#8220;\u00a0 befindet sich auf dem Olymp in einer H\u00f6he von 2.100 m &#8211;\u00a0 direkt an der Kante eines nat\u00fcrlichen Felsenbalkons\u00a0 und unterhalb der h\u00f6chsten Gipfel. Sie ist sehr gut organisiert, herzlich und professionell gef\u00fchrt von Maria Zolota und ihrem Mann Dionisios. Die Bergh\u00fctte verf\u00fcgt \u00fcber 110 Betten und zwei Esszimmer mit Kamin. Sie \u00fcbernachten in Schlafs\u00e4len in Stockbetten, Kissen und Decken werden zur Verf\u00fcgung gestellt. Es gibt Duschm\u00f6glichkeiten mit kaltem Wasser und die Mahlzeiten sind hausgemacht und herzhaft. Der einmalige Sonnenuntergang wird Ihnen unvergesslich bleiben.<\/p>\n<p>ngg_shortcode_4_placeholder<\/p>","protected":false},"excerpt":{"rendered":"<p>G\u00e4stehaus Papanikolaou: Direkt am Fuss des Olymps liegt das G\u00e4stehaus Papanikolaou in der N\u00e4he des zentralen Marktplatzes von Litochoro. Es besteht aus zwei Geb\u00e4uden, die im lokalen Stil gebaut wurden und bietet 18 Zimmer, ausgestattet mit Badezimmer, K\u00fcche, TV, Klimaalage und Zentralheizung. Geniessen Sie im Winter den Kamin und im Sommer den Balkon mit Aussichten [&hellip;]<\/p>\n","protected":false},"author":3,"featured_media":0,"parent":9,"menu_order":2,"comment_status":"closed","ping_status":"closed","template":"","meta":{"ngg_post_thumbnail":0,"footnotes":""},"class_list":["post-90","page","type-page","status-publish","hentry"],"aioseo_notices":[],"_links":{"self":[{"href":"https:\/\/www.olympicwings.com\/de\/wp-json\/wp\/v2\/pages\/90","targetHints":{"allow":["GET"]}}],"collection":[{"href":"https:\/\/www.olympicwings.com\/de\/wp-json\/wp\/v2\/pages"}],"about":[{"href":"https:\/\/www.olympicwings.com\/de\/wp-json\/wp\/v2\/types\/page"}],"author":[{"embeddable":true,"href":"https:\/\/www.olympicwings.com\/de\/wp-json\/wp\/v2\/users\/3"}],"replies":[{"embeddable":true,"href":"https:\/\/www.olympicwings.com\/de\/wp-json\/wp\/v2\/comments?post=90"}],"version-history":[{"count":0,"href":"https:\/\/www.olympicwings.com\/de\/wp-json\/wp\/v2\/pages\/90\/revisions"}],"up":[{"embeddable":true,"href":"https:\/\/www.olympicwings.com\/de\/wp-json\/wp\/v2\/pages\/9"}],"wp:attachment":[{"href":"https:\/\/www.olympicwings.com\/de\/wp-json\/wp\/v2\/media?parent=90"}],"curies":[{"name":"wp","href":"https:\/\/api.w.org\/{rel}","templated":true}]}}