{"id":72,"date":"2010-01-07T20:46:19","date_gmt":"2010-01-07T18:46:19","guid":{"rendered":"http:\/\/olympicwings.hellasbyfoot.com\/?page_id=72"},"modified":"2017-12-01T20:39:10","modified_gmt":"2017-12-01T18:39:10","slug":"tailor-made-holidays","status":"publish","type":"page","link":"https:\/\/www.olympicwings.com\/de\/special-holidays\/tailor-made-holidays","title":{"rendered":"Urlaub nach Wunsch"},"content":{"rendered":"<p><\/p>\n<p><p>Olympic Wings kann f\u00fcr Sie Reisen nach Ihrem Wunsch in ganz Griechenland und nach jedem Schwierigkeitsgrad organisieren und zusammenstellen.<\/p>\n<p>Wir sorgen daf\u00fcr, dass es f\u00fcr Sie ein unvergessliches Erlebnis wird und erf\u00fcllen alle Ihre Urlaubsw\u00fcnsche.<\/p>\n<h3>Klassenfahrten<\/h3>\n<p>Olympic Wings veranstaltet Klassenfahrten an allen Orten Griechenlands. Besuchen Sie die wichtigsten Sehensw\u00fcrdigkeiten, Ausgrabungsst\u00e4tte, Natur und die Stadt Athen. Erleben Sie mit uns eine Klassenfahrt, auf eine ganz besondere Art und Weise.<\/p>\n<p>Wir organisieren auch Klassenfahrten nach Ihren individuellen Vorstellungen.<\/p>\n<p>Anbei finden Sie ein Beispiel einer Klassenfahrt.<\/p>\n<h5>Liebe Lehrer und Lehrerinnen,<\/h5>\n<p>Hiermit pr\u00e4sentieren wir Ihnen unseren Programmvorschlag f\u00fcr Ihre Klassenfahrt. Wir organisieren f\u00fcr Sie und Ihre Sch\u00fcler eine Reise, bei der Lernen, Sport, Entdecken und Spass auf unserer Organisationsliste ganz oben stehen. Ein kurzer Abenteuertrip durch das Land der Arch\u00e4ologie, Kultur und Natur wird Ihre Sch\u00fcler faszinieren. Das optimale Paket, das alle Interessenten zufrieden stellt!<\/p>\n<p>Wir k\u00f6nnen diese Reise auch nach Ihren speziellen W\u00fcnschen und Anforderungen gestalten.<\/p>\n<h6>5-t\u00e4gige Reise<\/h6>\n<table style=\"width: 396px;\" border=\"1\" cellspacing=\"0\" cellpadding=\"2\">\n<col width=\"48\"><\/col>\n<col width=\"338\"><\/col>\n<tbody>\n<tr>\n<td width=\"48\">TAG 1:<\/td>\n<td width=\"338\">Ankunftstag &#8211; Athen &#8211; Palio Faliro, Strand<\/td>\n<\/tr>\n<tr>\n<td width=\"48\">TAG 2:<\/td>\n<td width=\"338\">Akropolis &#8211; Dioniysos Theater &#8211; National Museum\u00a0&#8211; Delphi<\/td>\n<\/tr>\n<tr>\n<td width=\"48\">TAG 3:<\/td>\n<td width=\"338\">Meteora Kl\u00f6ster &#8211; Platamonas<\/td>\n<\/tr>\n<tr>\n<td width=\"48\">TAG 4:<\/td>\n<td width=\"338\">Litochoro &#8211; Agios Dionysos &#8211; Enipeas Schlucht &#8211; Litochoro<\/td>\n<\/tr>\n<tr>\n<td width=\"48\">TAG 5:<\/td>\n<td width=\"338\">Rundfahrt\/Gang in Thessaloniki &#8211; Fflughafen<\/td>\n<\/tr>\n<\/tbody>\n<\/table>\n<h6>10-t\u00e4gige Reise<\/h6>\n<table style=\"width: 470px;\" border=\"1\" cellspacing=\"0\" cellpadding=\"2\">\n<col width=\"45\"><\/col>\n<col width=\"414\"><\/col>\n<tbody>\n<tr>\n<td width=\"45\">Tag 1:<\/td>\n<td width=\"414\">Anreisetag-Athen-Palio Faliro, Strand<\/td>\n<\/tr>\n<tr>\n<td width=\"45\">Tag 2:<\/td>\n<td width=\"414\">Akropolis-Dionysos Theater-National Museum<\/td>\n<\/tr>\n<tr>\n<td width=\"45\">Tag 3:<\/td>\n<td width=\"414\">Osios Loukas-Parnass Gebirge-Delphi<\/td>\n<\/tr>\n<tr>\n<td width=\"45\">Tag 4:<\/td>\n<td width=\"414\">Delphi-Itea-Chorefto<\/td>\n<\/tr>\n<tr>\n<td width=\"45\">Tag 5:<\/td>\n<td width=\"414\">Chorefto-Kastraki<\/td>\n<\/tr>\n<tr>\n<td width=\"45\">Tag 6:<\/td>\n<td width=\"414\">Meteora Kl\u00f6ster-Platamonas<\/td>\n<\/tr>\n<tr>\n<td width=\"45\">Tag 7:<\/td>\n<td width=\"414\">Olymp-Litochoro-Agios Dionysos-Enipeas \t\t\tSchlucht-Prionia-Bergh\u00fctte A<\/td>\n<\/tr>\n<tr>\n<td width=\"45\">Tag 8:<\/td>\n<td width=\"414\">Skala\/Skolio Gipfel-Prionia-Platamonas<\/td>\n<\/tr>\n<tr>\n<td width=\"45\">Tag 9:<\/td>\n<td width=\"414\">Tembi Tal-Kanutour\/Alte Bergd\u00f6rfer-Ambelakia<\/td>\n<\/tr>\n<tr>\n<td width=\"45\">Tag 10:<\/td>\n<td width=\"414\">Rundfahrt\/Gang in Thessaloniki-Flughafen Abreise<\/td>\n<\/tr>\n<\/tbody>\n<\/table>\n<p>Es w\u00fcrde uns sehr freuen wenn wir Ihnen ein St\u00fcck unserer Heimat auf unsere Art und Weise zeigen k\u00f6nnen.<\/p>\n<h3>Gesch\u00e4ftsreisen<\/h3>\n<p>Olympic Wings bietet Ihnen Konferenzen und Bonusfahrten, die zu Ihrem Firmenprofil und Ihrer Firmenphilosophie passt. Mit immer wieder neuen Ideen von unserem Team und professioneller Arbeit garantieren wir den Erfolg von jedem von uns organisierten Event.<\/p>\n<p>Wir stellen mehrere gruppenaufbauende Touren zusammen, die nat\u00fcrlich an Ihre W\u00fcnsche angepasst werden k\u00f6nnen.<\/p>\n<\/p>\n<p><\/p>","protected":false},"excerpt":{"rendered":"<p>Olympic Wings kann f\u00fcr Sie Reisen nach Ihrem Wunsch in ganz Griechenland und nach jedem Schwierigkeitsgrad organisieren und zusammenstellen. Wir sorgen daf\u00fcr, dass es f\u00fcr Sie ein unvergessliches Erlebnis wird und erf\u00fcllen alle Ihre Urlaubsw\u00fcnsche. Klassenfahrten Olympic Wings veranstaltet Klassenfahrten an allen Orten Griechenlands. Besuchen Sie die wichtigsten Sehensw\u00fcrdigkeiten, Ausgrabungsst\u00e4tte, Natur und die Stadt Athen. [&hellip;]<\/p>\n","protected":false},"author":3,"featured_media":0,"parent":35,"menu_order":5,"comment_status":"closed","ping_status":"closed","template":"","meta":{"ngg_post_thumbnail":0,"footnotes":""},"class_list":["post-72","page","type-page","status-publish","hentry"],"aioseo_notices":[],"_links":{"self":[{"href":"https:\/\/www.olympicwings.com\/de\/wp-json\/wp\/v2\/pages\/72","targetHints":{"allow":["GET"]}}],"collection":[{"href":"https:\/\/www.olympicwings.com\/de\/wp-json\/wp\/v2\/pages"}],"about":[{"href":"https:\/\/www.olympicwings.com\/de\/wp-json\/wp\/v2\/types\/page"}],"author":[{"embeddable":true,"href":"https:\/\/www.olympicwings.com\/de\/wp-json\/wp\/v2\/users\/3"}],"replies":[{"embeddable":true,"href":"https:\/\/www.olympicwings.com\/de\/wp-json\/wp\/v2\/comments?post=72"}],"version-history":[{"count":0,"href":"https:\/\/www.olympicwings.com\/de\/wp-json\/wp\/v2\/pages\/72\/revisions"}],"up":[{"embeddable":true,"href":"https:\/\/www.olympicwings.com\/de\/wp-json\/wp\/v2\/pages\/35"}],"wp:attachment":[{"href":"https:\/\/www.olympicwings.com\/de\/wp-json\/wp\/v2\/media?parent=72"}],"curies":[{"name":"wp","href":"https:\/\/api.w.org\/{rel}","templated":true}]}}