{"id":679,"date":"2010-08-18T20:18:25","date_gmt":"2010-08-18T18:18:25","guid":{"rendered":"http:\/\/www.olympicwings.com\/?page_id=679"},"modified":"2017-12-10T14:32:36","modified_gmt":"2017-12-10T12:32:36","slug":"arhontiko-zarkadas","status":"publish","type":"page","link":"https:\/\/www.olympicwings.com\/de\/accommodation\/zagoria-pindos-mountains\/arhontiko-zarkadas","title":{"rendered":"Archontiko Zarkadas"},"content":{"rendered":"<p>ngg_shortcode_2_placeholder<br \/>\nDas <strong>Herrenhaus Zarkadas<\/strong> wurde von der <strong>Zarkadas<\/strong> Familie mit gro\u00dfer Leidenschaft im malerischen Dorf <strong>Monodendri<\/strong> in der Region <strong>Zagori im Pindosgebirge<\/strong> erbaut. Das <strong>luxuri\u00f6se Haus<\/strong> ist bekannt f\u00fcr den hohen Qualit\u00e4tsstandard, den es seinen G\u00e4sten bietet.<\/p>\n<p>&nbsp;<\/p>\n<p>Die <strong>moderne Ausstattung<\/strong> wurde mit <strong>traditionellem Stil<\/strong> und Elementen aus anderen Epochen kombiniert. Die Besucher k\u00f6nnen die sch\u00f6nen Holz \u2013 und Bogendecken bewundern, die herrlichen Farbspielereien, die beeindruckenden Lampen, die Steinarbeiten und Kunstwerke und weitere Elemente, die unserem Hotel ein <strong>einzigartiges Bild<\/strong> verleihen.<\/p>\n<p>&nbsp;<\/p>\n<p>Dar\u00fcber hinaus ist uns die <strong>\u00d6kologie <\/strong>sehr wichtig, dies k\u00f6nnen Sie an jedem Ort unseres Geb\u00e4udes erkennen.<\/p>\n<h4>Ihr Aufenthalt im Hotel Archontiko Zarkadas<\/h4>\n<p>Unser Hotel <strong>Arhontiko Zarkadas<\/strong> verf\u00fcgt \u00fcber insgesamt 21 Zimmer mit hervorragender Eleganz. Wir servieren Fr\u00fchst\u00fcck, das aus regionalen Produkten besteht. Es gibt auch ein Restaurant und ein Caf\u00e9 f\u00fcr die G\u00e4ste.<\/p>\n<p>&nbsp;<\/p>\n<p>Alle Zimmer sind ausgestattet mit: <strong>Heizung<\/strong> mit Temperaturregler, <strong>Satelliten-TV<\/strong>, <strong>DVD<\/strong>, <strong>Safe<\/strong>, <strong>K\u00fchlschrank<\/strong>, <strong>Haartrockner<\/strong>, <strong>Wi-Fi-Internetzugang<\/strong>, <strong>Hydromassage<\/strong>.<\/p>\n<p>&nbsp;<\/p>\n<p>Au\u00dferdem gibt es <strong>Suiten mit Kamin und Whirlpool<\/strong>. Das Gef\u00fchl von Luxus ist allgegenw\u00e4rtig und wir nutzen die \u00f6kologischen Produkte von Cocomat. Das Hotel verf\u00fcgt \u00fcber einen <strong>Fitnessraum und Sauna<\/strong>. Sehr bald werden wir einen geschlossenen, beheizten Pool anbieten k\u00f6nnen.<\/p>\n<h4>Monodendri, Zagori &amp; Ioannina<\/h4>\n<p><strong>Monodendri <\/strong>ist eines der sch\u00f6nsten D\u00f6rfer von Zagori. Es liegt auf einer H\u00f6he von 1.060 Meter, 39 km von der Stadt Ioannina entfernt. Der Name des Dorfes stammt von einem gro\u00dfen Baum, der bis 1840 existierte. Bis 1753 war es eine Gemeinschaft von drei D\u00f6rfern (Vitsa, Ano Mahalas, Agios Georgios). Die lokalen Wohlt\u00e4ter des Dorfes haben Monodendri geholfen, w\u00e4hrend des 17. und 18. Jahrhunderts Schulen, aus Stein gebaute Herrenh\u00e4user und Kirchen zu erhalten. Die Rizari Br\u00fcder kommen auch aus Monodendri.<\/p>\n<p>&nbsp;<\/p>\n<p>Heute ist Monodendri ein Reiseziel f\u00fcr Besucher nicht nur aus Griechenland, sondern auch aus dem Ausland, das ganze Jahr \u00fcber. Wir erwarten Sie in unserem <strong>Hotel Archontiko Zarkada<\/strong>, so dass Sie in den Genuss eines wirklich angenehmen Aufenthaltes kommen.<\/p>\n<h4>Wie kommen Sie zu uns<\/h4>\n<ul>\n<li>Sie k\u00f6nnen \u00fcber die Autobahnen (von Athen die Autobahn Antirio &#8211; Ioannina oder Igoumenitsa oder Thessaloniki, Egnatia Odos) die Stadt Ioannina erreichen<\/li>\n<li>Nach <strong>Ioannina<\/strong> fahren Sie nach Norden (\u00fcber die Autobahn Ioannina &#8211; Kozani)<\/li>\n<li>Beim 18. km biegen Sie rechts ab nach Zagori und folgen Sie den Schildern bis zum Dorf <strong>Monodendri<\/strong>.<\/li>\n<\/ul>\n<h5>Entfernungen von Monodendri<\/h5>\n<table style=\"width: 90%;\" border=\"1\" cellspacing=\"0\" cellpadding=\"3\">\n<tbody>\n<tr>\n<td width=\"17%\"><strong>Flughafen<\/strong><\/td>\n<td width=\"17%\"><strong>Strand<\/strong><\/td>\n<td width=\"17%\"><strong>Hafen<\/strong><\/td>\n<td width=\"17%\"><strong>Ioannina<\/strong><\/td>\n<td width=\"17%\"><strong>Athen<\/strong><\/td>\n<td width=\"17%\"><strong>Thesaloniki<\/strong><\/td>\n<\/tr>\n<tr valign=\"TOP\">\n<td width=\"17%\">30 Km<br \/>\n[Ioannina]<\/td>\n<td width=\"17%\">130 Km<br \/>\n[Preveza]<\/td>\n<td width=\"17%\">120 Km<br \/>\n[Igoumenitsa]<\/td>\n<td width=\"17%\">30 Km<\/td>\n<td width=\"17%\">460 Km<\/td>\n<td width=\"17%\">400 Km<\/td>\n<\/tr>\n<\/tbody>\n<\/table>\n<h4>Sehensw\u00fcrdigkeiten und Aktivit\u00e4ten in Zagori<\/h4>\n<p>&nbsp;<\/p>\n<p>W\u00e4hrend Ihres Aufenthaltes in Zagori im Hotel Archontiko Zarkada, werden Sie die M\u00f6glichkeit haben, folgende <strong>Sehensw\u00fcrdigkeiten <\/strong>zu besuchen:<\/p>\n<p>&nbsp;<\/p>\n<p>&nbsp;<\/p>\n<ul>\n<li>Die <strong>Schlucht von Vikos<\/strong> in Monodendri<\/li>\n<li>Der beeindruckende &#8222;<strong>Stein Wald<\/strong>&#8222;<\/li>\n<li>Die Ausstellung der Rizarios in Monodendri<\/li>\n<li>Das <strong>Kloster von St. Paraskevi<\/strong>, mit Blick auf den Vikos<\/li>\n<li>Die handwerkliche <strong>Zentrum der Rizarios<\/strong> in Monodendri<\/li>\n<li>Die <strong>Folklore-Museum von Agapios Tolis<\/strong>, in Kipi Dorf<\/li>\n<li>Die <strong>ber\u00fchmten Bogenbr\u00fccken von Zagori<\/strong>: Die Br\u00fccke von Kokoris, die Br\u00fccke von Kalogeriko und andere.<\/li>\n<\/ul>\n<p>&nbsp;<\/p>\n<p>&nbsp;<\/p>\n<p>In der Stadt Ioannina sehen Sie:<\/p>\n<p>&nbsp;<\/p>\n<p>&nbsp;<\/p>\n<ul>\n<li>Die <strong>historische Burg<\/strong> von Ioannina Stadt<\/li>\n<li>Der Pamvotis See und die <strong>Insel<\/strong> mit ihren historischen Kl\u00f6ster<\/li>\n<li>Das <strong>Seeufer<\/strong> mit Tavernen, Caf\u00e9s, Clubs<\/li>\n<li>Die <strong>Museen von Ioannina<\/strong> [Museum von P. Vrellis &#8211; Arch\u00e4ologie &#8211; Byzantinische]<\/li>\n<li>Die <strong>H\u00f6hle von Perama<\/strong> mit einzigartigen, geologischen Formationen<\/li>\n<li>Das <strong>antike Theater von Dodoni<\/strong><\/li>\n<\/ul>\n<h4>Aktivit\u00e4ten in Zagori<\/h4>\n<p>In Zagori k\u00f6nnen Sie viele Sport- und Abenteuer-Aktivit\u00e4ten wie <strong>Paragliding, Mountainbike, Rafting, Trekking<\/strong> und andere erleben.<\/p>\n<p>&nbsp;<\/p>\n<p><strong>Wir stehen immer zu Ihrer Verf\u00fcgung<\/strong>, um Sie \u00fcber die Sehensw\u00fcrdigkeiten und die Ausfl\u00fcge, die Sie machen m\u00f6chten, zu informieren. F\u00fcr weitere Informationen wenden Sie sich bitte an uns.<\/p>\n<p>&nbsp;<\/p>\nngg_shortcode_3_placeholder\n<p>&nbsp;<\/p>","protected":false},"excerpt":{"rendered":"<p>Das Herrenhaus Zarkadas wurde von der Zarkadas Familie mit gro\u00dfer Leidenschaft im malerischen Dorf Monodendri in der Region Zagori im Pindosgebirge erbaut. Das luxuri\u00f6se Haus ist bekannt f\u00fcr den hohen Qualit\u00e4tsstandard, den es seinen G\u00e4sten bietet. &nbsp; Die moderne Ausstattung wurde mit traditionellem Stil und Elementen aus anderen Epochen kombiniert. Die Besucher k\u00f6nnen die sch\u00f6nen [&hellip;]<\/p>\n","protected":false},"author":3,"featured_media":0,"parent":94,"menu_order":0,"comment_status":"closed","ping_status":"open","template":"","meta":{"ngg_post_thumbnail":0,"footnotes":""},"class_list":["post-679","page","type-page","status-publish","hentry"],"aioseo_notices":[],"_links":{"self":[{"href":"https:\/\/www.olympicwings.com\/de\/wp-json\/wp\/v2\/pages\/679","targetHints":{"allow":["GET"]}}],"collection":[{"href":"https:\/\/www.olympicwings.com\/de\/wp-json\/wp\/v2\/pages"}],"about":[{"href":"https:\/\/www.olympicwings.com\/de\/wp-json\/wp\/v2\/types\/page"}],"author":[{"embeddable":true,"href":"https:\/\/www.olympicwings.com\/de\/wp-json\/wp\/v2\/users\/3"}],"replies":[{"embeddable":true,"href":"https:\/\/www.olympicwings.com\/de\/wp-json\/wp\/v2\/comments?post=679"}],"version-history":[{"count":0,"href":"https:\/\/www.olympicwings.com\/de\/wp-json\/wp\/v2\/pages\/679\/revisions"}],"up":[{"embeddable":true,"href":"https:\/\/www.olympicwings.com\/de\/wp-json\/wp\/v2\/pages\/94"}],"wp:attachment":[{"href":"https:\/\/www.olympicwings.com\/de\/wp-json\/wp\/v2\/media?parent=679"}],"curies":[{"name":"wp","href":"https:\/\/api.w.org\/{rel}","templated":true}]}}