{"id":53,"date":"2010-01-07T20:32:11","date_gmt":"2010-01-07T18:32:11","guid":{"rendered":"http:\/\/olympicwings.hellasbyfoot.com\/?page_id=53"},"modified":"2017-12-01T20:38:56","modified_gmt":"2017-12-01T18:38:56","slug":"activities","status":"publish","type":"page","link":"https:\/\/www.olympicwings.com\/de\/special-holidays\/activities","title":{"rendered":"Outdoor Aktivit\u00e4ten"},"content":{"rendered":"<p><\/p>\n<p><br class=\"spacer_\" \/><\/p>\nngg_shortcode_10_placeholder\n<p><br class=\"spacer_\" \/><\/p>\n<h3>Gleitschirmfliegen<\/h3>\n<p>Der uralte Traum der Menschen wird durch einen Flug mit dem Tandemgleitschirm zur Wirklichkeit. Diese einfachste Art, wie ein Vogel abzuheben und in die dritte Dimension zu schweben, ist durch die professionelle Betreuung unserer offiziell anerkannten Flugschule und die modernsten Flugausr\u00fcstungen ein sicheres Erlebnis f\u00fcr alle Altersgruppen.<\/p>\n<p><br class=\"spacer_\" \/><\/p>\n<p>Es ist schon ein besonderer Genuss, die herrliche Gegend des Olymps auch mal von oben aus zu betrachten!<\/p>\n<p><br class=\"spacer_\" \/><\/p>\n<p><br class=\"spacer_\" \/><\/p>\n<p><br class=\"spacer_\" \/><\/p>\n<h3>Mountainbiken<\/h3>\n<p>ngg_shortcode_11_placeholder<br \/>\n Die Mountainbiketour Kato Olympus ist eine einmalige Fahrradtour durch die W\u00e4lder des Olymp bis an den herrlichen Sandstrand hinunter. Nat\u00fcrlich ist die Strecke auch f\u00fcr unerfahrene Radler geeignet, da sie haupts\u00e4chlich bergab f\u00fchrt und wir auf angenehmen Waldwegen radeln. Der Startpunkt auf dem Hochplateau von Kallipefki bietet eine wundersch\u00f6ne Aussicht auf das Hauptmassiv des Olymp, w\u00e4hrend der Tour wird immer wieder die Sicht auf das \u00c4g\u00e4ische Meer frei. Nach dem Mittagessen im alten Bergdorf Paleos Panteleimonas fahren wir direkt ans Meer hinunter, wo ein erfrischendes Bad unterhalb der Piratenburg von Platamonas den besten Abschluss unserer Mountainbiketour bildet.<\/p>\n<p><br class=\"spacer_\" \/><\/p>\n<p><br class=\"spacer_\" \/><\/p>\n<p><br class=\"spacer_\" \/><\/p>\n<h3>Wandern<\/h3>\n<h4>Crossing Olympus<\/h4>\n<p>ngg_shortcode_12_placeholder<br \/>\n Die Trekkingtour Crossing Olympus ist ein einmaliges Erlebnis f\u00fcr alle, die die Natur lieben. Beeindruckend ist vorallem die Leichtigkeit, mit einer anstrengungslosen Wanderung von 1 \u00bd Stunden die h\u00f6chsten Gipfel des Olympgebirges zu erreichen. Das besondere Merkmal dieser Tour ist die \u00dcberquerung des Olymps von West nach Ost. Die faszinierenden Eindr\u00fccke durch das Durchwandern verschiedener Klimazonen und ein beeindruckender Abstieg im Angesicht des \u00c4g\u00e4ischen Meeres werden unvergesslich bleiben.<\/p>\n<p><br class=\"spacer_\" \/><\/p>\n<p>Anmerkung:<\/p>\n<p>Der Reiseveranstalter beh\u00e4lt sich das Recht vor, zu jedem Zeitpunkt der Veranstaltung die weitere Durchf\u00fchrung aus Wetter- und Sicherheitsgr\u00fcnden abzubrechen.<\/p>\n<p><br class=\"spacer_\" \/><\/p>\n<p><br class=\"spacer_\" \/><\/p>\nngg_shortcode_13_placeholder\n<h4>Die Enipeas Schlucht<\/h4>\n<p>Die Wanderung durch die Enipeas Schlucht ist eine fantastische und klassische Wanderroute, die sehr bekannt bei Wanderern und Bergsteigern ist, die das Olympgebirge kennenlernen wollen. Wir starten an der Schutzh\u00fctte Prionia und wandern den Pfad E4 hinunter. Wir kommen an einem imposanten Wasserfall vorbei, hier k\u00f6nnen wir uns beim Schwimmen erfrischen, bevor wir das alte Kloster Agios Dionisios erreichen. Nach dieser Pause \u00fcberqueren wir einige Male den Fluss, der in der Schlucht flie\u00dft \u2013 st\u00e4ndig eine herrliche Aussicht in Richtung Meer und auf die h\u00f6chsten Gipfel des Olymps.<\/p>\n<p>Unsere Tour endet im Bergsteigerdorf Litochoro, wo wir einen Kaffee trinken oder ein typisch griechisches Essen geniessen k\u00f6nnen.<\/p>\n<p><br class=\"spacer_\" \/><\/p>\n<p><br class=\"spacer_\" \/><\/p>\nngg_shortcode_14_placeholder\n<h4>Die alten Bergd\u00f6rfer<\/h4>\n<p>Die alten Bergd\u00f6rfer des Olymps ist eine Wanderung, die die alten und teilweise verlassenen Bergd\u00f6rfer Paleos Panteleimonas und Paleos Porus miteinander verbindet. Sie f\u00fchrt durch herrliche Kastanienw\u00e4lder und an einmaligen Aussichtspunkten mit Blick auf das \u00c4g\u00e4ische Meer, das Olympmassiv und das Ossagebirge vorbei. Die Tour hat keine gro\u00dfen H\u00f6hendifferenzen zu \u00fcberwinden und ist deshalb auch gut f\u00fcr Familien geeignet. Zum Mittagessen ist eine Pause in der antiken Taverne von Paleos Porus vorgesehen.<\/p>\n<p><br class=\"spacer_\" \/><\/p>\n<p><br class=\"spacer_\" \/><\/p>\n<h3>Jeepsafari<\/h3>\nngg_shortcode_15_placeholder\n<p><br class=\"spacer_\" \/><\/p>\n<p>Die Off-Road Safari Kato Olympos ist ein unvergessliches Naturerlebnis f\u00fcr Jung und Alt. Nicht nur Fahrspa\u00df, sondern auch beeindruckende Aussichtspunkte bietet die gef\u00fchrte Gel\u00e4ndewagentour durch abgelegene Waldwege im Gebiet des Kato Olympos. Besonderes Merkmal der Tour ist die einmalige Vielf\u00e4ltigkeit der Aussicht, da die Route durch verschiedene Klimazonen f\u00fchrt und st\u00e4ndig der faszinierende Gegensatz von Meer und Gebirge ins Auge sticht.<\/p>\n<p>Neben den Fotostationen sind eine Mittagspause mit gemeinsamen Essen in Kallipefki und eine Kaffeepause in dem antiken Bergdorf Paleos Panteleimonas eingeplant.<\/p>\n<p><br class=\"spacer_\" \/><\/p>\n<p><br class=\"spacer_\" \/><\/p>\n<p><br class=\"spacer_\" \/><\/p>\n<h3>Jeepsafari und Trekking Olympus<\/h3>\nngg_shortcode_16_placeholder\n<p>Die Tour Gipfel des Olymps bietet die einfachste M\u00f6glichkeit f\u00fcr alle Altersgruppen, die h\u00f6chsten Gipfel des G\u00f6tterberges in 1 \u00bd Stunden ohne Anstrengung zu erwandern. Schon die Anfahrt vom Meer aus durch die sich st\u00e4ndig ver\u00e4ndernde Landschaft an die Westseite des Olymps ist der beste Einstieg in die bevorstehenden Erlebnisse. Die Auffahrt mit der atemberaubenden Sicht auf die ersten Zweitausender, in die tiefen Schluchten und die Ebene von Elassona erfolgt in Gel\u00e4ndewagen. Am Haltepunkt Megali Gourna (2500 m) beginnt der Aufstieg zu Fu\u00df. Nach ca. 1 \u00bd Stunden f\u00fchrt die leichte Wanderung auf den zweith\u00f6chsten Gipfel des Olympgebirges, Skolio (2911 m) und die Fortsetzung der Route bis auf den Gipfel Skala (2882 m) l\u00e4sst den unbeschreiblichen Ausblick auf den h\u00f6chsten Gipfel Mytikas (2917 m) und den G\u00f6tterthron Stefani (2909 m) immer deutlicher werden. Hier erlaubt wolkenloses Wetter einen unvergesslichen Rundblick auf die \u00c4g\u00e4ische See und die umliegenden Schluchten und Gipfel.<\/p>\n<p><br class=\"spacer_\" \/><\/p>\n<p>Anmerkung: Der Reiseveranstalter beh\u00e4lt sich das Recht vor, zu jedem Zeitpunkt der Veranstaltung die weitere Durchf\u00fchrung aus Wetter- und Sicherheitsgr\u00fcnden abzubrechen.<\/p>\n<p><br class=\"spacer_\" \/><\/p>\n<p><br class=\"spacer_\" \/><\/p>\n<p><br class=\"spacer_\" \/><\/p>\n<h3>Bogenschie\u00dfen<\/h3>\nngg_shortcode_17_placeholder\n<p><br class=\"spacer_\" \/><\/p>\n<p><br class=\"spacer_\" \/><\/p>\n<p>Das Bogenschie\u00dfen in der Natur ist eine neue Erfahrung f\u00fcr jedermann. Alle Teilnehmer werden zuerst einige grundlegende Techniken des Bogenschie\u00dfens lernen. Dann werden wir das Zielschie\u00dfen und die genaue Einstellung des Bogens \u00fcben. Ebenfalls versuchen wir einige Sch\u00fcsse aus gr\u00f6\u00dfer Distanz, so dass alle einige Erfahrung bekommen.<\/p>\n<p>Am Ende des Tages organisieren wir einen kleinen Spa\u00dfwettbewerb, um den Gewinner des Tages ermitteln zu k\u00f6nnen.<\/p>\n<p><br class=\"spacer_\" \/><\/p>\n<p><br class=\"spacer_\" \/><\/p>\n<p><br class=\"spacer_\" \/><\/p>\n<p><br class=\"spacer_\" \/><\/p>\nngg_shortcode_18_placeholder\n<h3>Tauchen<\/h3>\n<p><br class=\"spacer_\" \/><\/p>\n<p>Wir geben ihnen die M\u00f6glichkeit die Wasserwelt der Olympischen Riviera zu entdecken. Die Olympische Riviera bietet ihnen ein vielf\u00e4ltiges und erstaunliches Unterwasserleben an. Sie werden von einem professionellen Taucher unserer Region ausgebildet.<\/p>\n<p>Die Ausr\u00fcstung bekommen Sie ebenfalls von uns.<\/p>\n<p><br class=\"spacer_\" \/><\/p>\n<p><br class=\"spacer_\" \/><\/p>\n<p><br class=\"spacer_\" \/><\/p>\n<p><br class=\"spacer_\" \/><\/p>\nngg_shortcode_19_placeholder\n<h3>Kanu oder Kajak<\/h3>\n<p>F\u00fcr unsere Abenteurer bieten wir eine aufregende Kanufahrt durch das Flusswasser jedoch ebenso f\u00fcr unsere Genie\u00dfer eine entspannende Fahrt entlang des Flussufers. Die Kanufahrt findet auf dem Fluss Pinios statt, am Fu\u00dfe des Olymps, vorbei an Deltas landen wir am Ende im \u00c4g\u00e4ischem Meer.<\/p>\n<p>Es ist eine mittelschwere Kanufahrt mit kleinen Wasserf\u00e4llen.<\/p>\n<p>Unsere Kanus, die Ruder und die Schwimmwesten, die wir zur Ihrer Sicherheit bieten sind professionell und leicht zu nutzen. Sie werden von erfahrenen Reiseleitern von Olympic Wings begleitet. Sie begegnen der wundersch\u00f6nen Natur und der Kirche Agia Paraskevi mit dem heiligem Wasser, die gro\u00dfen Wert f\u00fcr die Einheimischen hat.<\/p>\n<p><br class=\"spacer_\" \/><\/p>\n<p><br class=\"spacer_\" \/><\/p>\n<p><br class=\"spacer_\" \/><\/p>\n<p><br class=\"spacer_\" \/><\/p>\n<h3>Multiaktivit\u00e4tsurlaub<\/h3>\n<p>Au\u00dfer unseren Wander- und Fahrradprogrammen bieten wir ihnen auch Multiaktivit\u00e4tsurlaub an, wobei Sie an jedem Tag an einer anderen Aktivit\u00e4t teilnehmen. Wir k\u00f6nnen dieses Programm nach Ihren Wunschaktivit\u00e4ten zusammenstellen. An einem Tag wandern am n\u00e4chsten Radfahren und anschlie\u00dfend vielleicht Bogenschie\u00dfen oder auf Besichtigungsfahrt gehen?<\/p>\n<p>Weitere M\u00f6glichkeiten finden Sie ebenfalls unter den oben aufgef\u00fchrten Aktivit\u00e4ten.<\/p>\n<p>Sie, als Gast, haben die M\u00f6glichkeit, w\u00e4hrend Ihres Urlaubs verschiedene Aktivit\u00e4ten \u00fcber uns zu buchen, wie zum Beispiel Kanufahren, Canyoning, Mountainbiking, Radfahren, Gleitschirmfliegen, Schnorcheln, Tauchen, Reiten, Jeep-Safari und einige Besichtigungsfahrten, wie zu den Meteora Kl\u00f6ster, zum Berg Athos auf Chalkidiki, zu den archeologischen Ausgrabungsst\u00e4tten in Dion und Vergina oder eine Fahrt zur Metropole Athen.<\/p>\n<h5>Multiaktivity Pieria \u2013 Mount Olympus<\/h5>\n<p>Alles \u00fcberragend erhebt sich keine 10 km vom Meer entfernt der sagenumworbene Berg der G\u00f6tter mit fast 3000 Metern aus der K\u00fcstenebene hervor. Der imposante Gegensatz von Bergen und Meer hat eine einzigartige Vielfalt an Landschaften entstehen lassen, die eine perfekte Kulisse f\u00fcr eine au\u00dfergew\u00f6hnliche Erlebniswoche bilden.<\/p>\n<p>In dieser gr\u00fcnen und faszinierend abwechslungsreichen Landschaft werden wir Wanderungen mit grossartigen Ausblicken auf das unter uns gelegene blaue Meer und die kleinen Badeorte an der K\u00fcste unternehmen.<\/p>\n<p>Wir werden mit dem Mountainbike eine Hochebene durchstreifen und idyllische Bergd\u00f6rfer kennenlernen. Auf einer Kanutour vom Ausgang der Tembischlucht bis ans Meer zum Sandstrand folgen wir dem Lauf des Flusses Pinios und erleben die Natur des Flussdeltas.<\/p>\n<p>Highlights dieser Reise sind unser Kletterausflug zu den ber\u00fchmten Meteora Kl\u00f6stern und ein Canyoning Trip zumArapalkos, der sch\u00f6nsten Schlucht im Olympgebirge.<\/p>\n<p>Tags\u00fcber in faszinierender urspr\u00fcnglicher Landschaft unterwegs, geniessen wir abends die erholsame und angenehme Urlaubsstimmung in einem der Restaurants am Strand am Meer.<\/p>\n<p>Ein besonderer Reiz dieser Reise liegt auch darin, dass die Begleiter vor Ort deutschsprachige Griechen sind, die uns das Besondere und Unbekannte ihrer Region zeigen und erkl\u00e4ren k\u00f6nnen, was wir als \u201anormale\u2019 Touristen so nicht entdecken k\u00f6nnten.<\/p>\n<p>Alle Touren und Aktivit\u00e4ten sind als leicht einzustufen und f\u00fcr Einsteiger geeignet.<\/p>\n<p><br class=\"spacer_\" \/><\/p>\n<table style=\"width: 371px;\" border=\"1\" cellspacing=\"0\" cellpadding=\"2\">\n<col width=\"50\"><\/col>\n<col width=\"311\"><\/col>\n<tbody>\n<tr>\n<td width=\"50\">Tag 1:<\/td>\n<td width=\"311\">Ankunft \u2013 Transfer zum Hotel<\/td>\n<\/tr>\n<tr>\n<td width=\"50\">Tag 2:<\/td>\n<td width=\"311\">Wanderung zu den alten Bergd\u00f6rfern<\/td>\n<\/tr>\n<tr>\n<td width=\"50\">Tag 3:<\/td>\n<td width=\"311\">Mountainbiken auf dem Hochplateau von Kallipefki<\/td>\n<\/tr>\n<tr>\n<td width=\"50\">Tag 4:<\/td>\n<td width=\"311\">Tag zur freien Verf\u00fcgung<\/td>\n<\/tr>\n<tr>\n<td width=\"50\">Tag 5:<\/td>\n<td width=\"311\">Canyoning \u2013 Abenteuer der besonderen Art<\/td>\n<\/tr>\n<tr>\n<td width=\"50\">Tag 6:<\/td>\n<td width=\"311\">Kanufahrt auf dem \u2019Fluss Pinios zum Meer<\/td>\n<\/tr>\n<tr>\n<td width=\"50\">Tag 7:<\/td>\n<td width=\"311\">Kletterausflug nach Meteora<\/td>\n<\/tr>\n<tr>\n<td width=\"50\">Tag 8:<\/td>\n<td width=\"311\">Abreise &#8211; Transfer zum Flughafen Thessaloniki<\/td>\n<\/tr>\n<\/tbody>\n<\/table>\n<div id=\"_mcePaste\" style=\"position: absolute; left: -10000px; top: 0px; width: 1px; height: 1px; overflow: hidden;\">\n<p><!-- \t\t@page { margin: 2cm } \t\tP { margin-bottom: 0.21cm } \t\tTD P { margin-bottom: 0cm } --><\/p>\n<p style=\"margin-bottom: 0cm;\">Wandern<\/p>\n<p style=\"margin-bottom: 0cm;\">\u00a0<\/p>\n<p style=\"margin-bottom: 0cm;\">Die alten Bergd\u00f6rfer des Olymps ist eine Rundtour, die die alten und teilweise verlassenen Bergd\u00f6rfer Paleos Panteleimonas und Paleos Porus miteinander verbindet. Sie f\u00fchrt durch herrliche Kastanienw\u00e4lder und an einmaligen Aussichtspunkten mit Blick auf die \u00c4g\u00e4ische See, das Olympmassiv und das Ossagebirge vorbei. Die Tour hat keine gro\u00dfen H\u00f6hendifferenzen zu \u00fcberwinden und ist deshalb auch gut f\u00fcr Familien geeignet. Zum Mittagessen ist eine Pause in der antiken Taverne von Paleos Porus vorgesehen.<\/p>\n<p style=\"margin-bottom: 0cm;\">\u00a0<\/p>\n<p style=\"margin-bottom: 0cm;\">Die Tour \u201eDie Enipeas Schlucht\u201c ist eine fantastische und klassische Route, die sehr bekannt ist bei Wanderern und Bergsteigern, die das Olympgebirge kennenlernen wollen. Wir starten an der Schutzh\u00fctte Prionia und wandern den Pfad E4 hinunter. Wir kommen an einem imposanten Wasserfall vorbei, hier k\u00f6nnen wir uns beim Schwimmen erfrischen, bevor wir das alte Kloster Agios Dionisios erreichen. Nach dieser Pause \u00fcberqueren wir einige Male den Fluss, der in der Schlucht flie\u00dft \u2013 st\u00e4ndig eine herrliche Aussicht in Richtung Meer und auf die h\u00f6chsten Gipfel des Olymps.<\/p>\n<p>Unsere Tour endet im Bergsteigerdorf Litochoro, wo wir einen Kaffee trinken oder ein typisch griechisches Essen geniessen k\u00f6nnen.<\/p>\n<p style=\"margin-bottom: 0cm;\">\u00a0<\/p>\n<p>Die Trekkingtour Crossing Olympus ist ein einmaliges Erlebnis f\u00fcr alle, die die Natur lieben. Beeindruckend ist vorallem die Leichtigkeit, mit einer anstrengungslosen Wanderung von 1 \u00bd Stunden die h\u00f6chsten Gipfel des Olympgebirges zu erreichen. Das besondere Merkmal dieser Tour ist die \u00dcberquerung des Olymps von West nach Ost. Die faszinierenden Eindr\u00fccke durch das Durchwandern verschiedener Klimazonen und ein beeindruckender Abstieg im Angesicht der \u00c4g\u00e4ischen See werden unvergesslich bleiben.<\/p>\n<p>Anmerkung:<\/p>\n<p>Der Reiseveranstalter beh\u00e4lt sich das Recht vor, zu jedem Zeitpunkt der Veranstaltung die weitere Durchf\u00fchrung aus Wetter- und Sicherheitsgr\u00fcnden abzubrechen.<\/p>\n<p style=\"margin-bottom: 0cm;\">\u00a0<\/p>\n<p style=\"margin-bottom: 0cm;\">Mountainbiken<\/p>\n<p style=\"margin-bottom: 0cm;\">\u00a0<\/p>\n<p style=\"margin-bottom: 0cm;\">Die Mountainbike Tour \u2013 Kato Olympus ist eine einmalige Fahrradtour durch die W\u00e4lder des Olymps bis an den herrlichen Sandstrand hinunter. Nat\u00fcrlich ist die Strecke auch f\u00fcr unerfahrene Radler geeignet, da sie haupts\u00e4chlich bergab f\u00fchrt und wir auf angenehmen Waldwegen radeln.Der Startpunkt auf dem Hochplateau von Kallipefki bietet eine wundersch\u00f6ne Aussicht auf das Hauptmassiv des Olymps, w\u00e4hrend der Tour wird immer wieder die Sicht auf die \u00c4g\u00e4ische See frei. Nach dem Mittagessen im alten Bergdorf Paleos Panteleimonas fahren wir direkt ans Meer hinunter, wo ein erfrischendes Bad unterhalb der Piratenburg von Platamonas den besten Abschluss unserer Mountainbiketour bildet.<\/p>\n<p style=\"margin-bottom: 0cm;\">\u00a0<\/p>\n<p style=\"margin-bottom: 0cm;\">\u00a0<\/p>\n<p style=\"margin-bottom: 0cm;\">Gleitschirmfliegen<\/p>\n<p style=\"margin-bottom: 0cm;\">Der uralte Traum der Menschen wird durch einen Flug mit dem Tandemgleitschirm zur Wirklichkeit. Diese einfachste Art wie ein Vogel abzuheben und in die dritte Dimension zu schweben ist durch die professionelle Betreuung unserer offiziell anerkannten Flugschule und modernste Flugausr\u00fcstungen ein sicheres Erlebnis f\u00fcr alle Altersgruppen. Es ist schon ein besonderer Genuss, die herrliche Gegend des Olymps auch mal von oben aus zu betrachten!<\/p>\n<p style=\"margin-bottom: 0cm;\">\u00a0<\/p>\n<p style=\"margin-bottom: 0cm;\">Jeepsafari<\/p>\n<p>Die Off Road Safari &#8211; Kato Olympos ist ein unvergessliches Naturerlebnis f\u00fcr Jung und Alt. Nicht nur Fahrspa\u00df, sondern auch beeindruckende Aussichtspunkte bietet die gef\u00fchrte Gel\u00e4ndewagentour durch abgelegene Waldwege im Gebiet des Kato Olympos. Besonderes Merkmal der Tour ist die einmalige Vielf\u00e4ltigkeit der Aussicht, da die Route durch verschiedene Klimazonen f\u00fchrt und st\u00e4ndig der faszinierende Gegensatz von Meer und Gebirge ins Auge sticht.<\/p>\n<p>Neben den Fotostationen sind eine Mittagspause mit gemeinsamen Essen in Kallipefki und eine Kaffeepause in dem antiken Bergdorf Paleos Panteleimonas eingeplant.<\/p>\n<p>Jeepsafari und Trekking Olympus<\/p>\n<p>Die Tour Gipfel des Olymps bietet die einfachste M\u00f6glichkeit f\u00fcr alle Altersgruppen, die h\u00f6chsten Gipfel des G\u00f6tterberges in 1 \u00bd Stunden ohne Anstrengung zu erwandern. Schon die Anfahrt vom Meer aus durch die sich st\u00e4ndig ver\u00e4ndernde Landschaft an die Westseite des Olymps ist der beste Einstieg in die bevorstehenden Erlebnisse. Die Auffahrt mit der atemberaubenden Sicht auf die ersten Zweitausender, in die tiefen Schluchten und die Ebene von Elassona erfolgt in Gel\u00e4ndewagen. Am Haltepunkt Megali Gourna (2500 m) beginnt der Aufstieg zu Fu\u00df. Nach ca. 1 \u00bd Stunden f\u00fchrt die leichte Wanderung auf den zweith\u00f6chsten Gipfel des Olympgebirges, Skolio (2911 m) und die Fortsetzung der Route bis auf den Gipfel Skala (2882 m) l\u00e4sst den unbeschreiblichen Ausblick auf den h\u00f6chsten Gipfel Mytikas (2917 m) und den G\u00f6tterthron Stefani (2909 m) immer deutlicher werden. Hier erlaubt wolkenloses Wetter einen unvergesslichen Rundblick auf die \u00c4g\u00e4ische See und die umliegenden Schluchten und Gipfel.<\/p>\n<p>Anmerkung: Der Reiseveranstalter beh\u00e4lt sich das Recht vor, zu jedem Zeitpunkt der Veranstaltung die weitere Durchf\u00fchrung aus Wetter- und Sicherheitsgr\u00fcnden abzubrechen.<\/p>\n<p style=\"margin-bottom: 0cm;\">Bogenschie\u00dfen<\/p>\n<p style=\"margin-bottom: 0cm;\">Das Bogenschie\u00dfen in der Natur ist eine neue Erfahrung f\u00fcr jedermann. Alle Teilnehmer werden zuerst einige grundlegende Techniken des Bogenschie\u00dfens lernen. Dann werden wir das Zielschie\u00dfen und die genaue Einstellung des Bogens \u00fcben. Ebenfalls versuchen wir einige Sch\u00fcsse aus gr\u00f6\u00dfer Distanz, so dass alle einige Erfahrung bekommen.<\/p>\n<p>Am Ende des Tages organisieren wir einen kleinen Spa\u00dfwettbewerb, um den Gewinner des Tages ermitteln zu k\u00f6nnen.<\/p>\n<p style=\"margin-bottom: 0cm;\">\u00a0<\/p>\n<p style=\"margin-bottom: 0cm;\">\u00a0<\/p>\n<p>Tagestour Tauchen<\/p>\n<p>Wir geben ihnen die M\u00f6glichkeit die Wasserwelt der Olympischen Riviera zu entdecken<\/p>\n<p>Die Olympische Riviera bietet ihnen ein vielf\u00e4ltiges und erstaunliches Seeleben an.<\/p>\n<p>Sie werden von einem professionellen Taucher unserer Region Ausgebildet.<\/p>\n<p>Die Ausr\u00fcstung bekommen Sie ebenfalls von uns.<\/p>\n<p style=\"margin-bottom: 0cm;\">\u00a0<\/p>\n<p style=\"margin-bottom: 0cm;\">Segeln an der K\u00fcste der Olympischen Riviera<\/p>\n<p style=\"margin-bottom: 0cm;\">Segeln sie mit uns durch die griechische \u00c4g\u00e4is vom Hafen Platamonas, vorbei an der Burg von Platamon mit Blick auf den G\u00f6tterberg Olymp, bis hin zum Fischerdorf Leptokaria und wieder zur\u00fcck zum Hafen von Platamonas.  Sie werden dabei in die Segeltechnik eingef\u00fchrt, genie\u00dfen nebenbei ein Gl\u00e4schen griechischen Ouzo und wenn es ihnen zu warm wird, springen sie einfach in das k\u00fchle blaue Meerwasser. Bei der R\u00fcckkehr an Land f\u00fchren wir sie in eine typisch griechische Fischtaverne direkt am Strand, wo wir ihnen verschiedene frische Fischh\u00e4ppchen servieren werden. Ein interessanter und romantischer Trip durch die azurblaue See.<\/p>\n<p style=\"margin-bottom: 0cm;\">\u00a0<\/p>\n<p style=\"margin-bottom: 0cm;\">Kanu oder Kajak<\/p>\n<p>F\u00fcr unsere Abenteurer bieten wir eine aufregende Kanufahrt durch das Flusswasser jedoch ebenso f\u00fcr unsere Genie\u00dfer eine entspannende Fahrt entlang des Flussufers. Die Kanufahrt findet auf dem Fluss Pinios statt, am Fu\u00dfe des Olymps, vorbei an Deltas landen wir am Ende im \u00c4g\u00e4ischem Meer.<\/p>\n<p>Es ist eine mittelschwere Kanufahrt mit kleinen Wasserf\u00e4llen.<\/p>\n<p>Unsere Kanus, die Ruder und die Schwimmwesten, die wir zur Ihrer Sicherheit bieten sind professionell und leicht zu nutzen. Sie werden von erfahrenen Reiseleitern von Olympic Wings begleitet. Sie begegnen der wundersch\u00f6nen Natur und der Kirche Agia Paraskevi mit dem heiligem Wasser, die gro\u00dfen Wert f\u00fcr die Einheimischen hat.<\/p>\n<p style=\"margin-bottom: 0cm;\">\u00a0<\/p>\n<p style=\"margin-bottom: 0cm;\">Multiaktivit\u00e4tsurlaub<\/p>\n<p style=\"margin-bottom: 0cm;\">\u00a0<\/p>\n<p>Au\u00dfer unseren Wander- und Fahrradprogrammen bieten wir ihnen auch Multi &#8211; Aktivit\u00e4ts- Programme an, wobei Sie an jedem Tag an einer anderen Aktivit\u00e4tteilnehmen. Wir k\u00f6nnen dieses Programm nach Ihren Wunschaktivit\u00e4ten zusammenstellen. An einem Tag wandern am n\u00e4chsten Radfahren und anschlie\u00dfend vielleicht Bogenschie\u00dfen oder auf Besichtigungsfahrt gehen?!<\/p>\n<p>\u00c4hnliche Aktivit\u00e4ten finden Sie ebenfalls unter 1-2-3 Tagesaktivit\u00e4ten!<\/p>\n<p>Sie als Gast, haben die M\u00f6glichkeit w\u00e4hrend Ihres Urlaubs, verschiedene Aktivit\u00e4ten \u00fcber uns zu buchen wie zum Beispiel Kanufahren, Canyoning, Mountainbiking, Radfahren, Gleitschirmfliegen, Schnorcheln, Tauchen, Reiten, Jeep-Safari und viele Besichtigungsfahrten wie zu den Meteora Kl\u00f6ster, zum Berg Athos auf Chalkidiki, zu den archeologischen Ausgrabungsst\u00e4tten in Dion und Vergina oder eine Fahrt zur Metropole Athen.<\/p>\n<p style=\"margin-bottom: 0cm;\">\u00a0<\/p>\n<p style=\"margin-bottom: 0cm;\">Multiaktivity Pieria \u2013 Mount Olympus<\/p>\n<p>Alles \u00fcberragend erhebt sich keine 10 km vom Meer entfernt der sagenumworbene Berg der G\u00f6tter mit fast 3000 Metern aus der K\u00fcstenebene hervor. Der imposante Gegensatz von Bergen und Meer hat eine einzigartige Vielfalt an Landschaften entstehen lassen, die eine perfekte Kulisse f\u00fcr eine au\u00dfergew\u00f6hnliche Erlebniswoche bilden.<\/p>\n<p>In dieser gr\u00fcnen und faszinierend abwechslungsreichen Landschaft werden wir Wanderungen mit grossartigen Ausblicken auf das unter uns gelegene blaue Meer und die kleinen Badeorte an der K\u00fcste unternehmen.<\/p>\n<p>Wir werden mit dem Mountainbike eine Hochebene durchstreifen und idyllische Bergd\u00f6rfer kennenlernen. Auf einer Kanutour vom Ausgang der Tembischlucht bis ans Meer zum Sandstrand folgen wir dem Lauf des Flusses Pinios und erleben die Natur des Flussdeltas.<\/p>\n<p>Highlights dieser Reise sind unser Kletterausflug zu den ber\u00fchmten Meteora Kl\u00f6stern und ein Canyoning Trip nach Arapalkos, der sch\u00f6nsten Schlucht im Olympgebirge.<\/p>\n<p>Tags\u00fcber in faszinierender urspr\u00fcnglicher Landschaft unterwegs, geniessen wir abends die erholsame und angenehme Urlaubsstimmung in einem der Restaurants am Strand am Meer.<\/p>\n<p>Ein besonderer Reiz dieser Reise liegt auch darin, dass die Begleiter vor Ort deutschsprachige Griechen sind, die uns das Besondere und Unbekannte ihrer Region zeigen und erkl\u00e4ren k\u00f6nnen, was wir als \u201anormale\u2019 Touristen so nicht entdecken k\u00f6nnten.<\/p>\n<p>Alle Touren und Aktivit\u00e4ten sind als leicht einzustufen und f\u00fcr Einsteiger geeignet.<\/p>\n<table style=\"width: 371px;\" border=\"1\" cellspacing=\"0\" cellpadding=\"2\">\n<col width=\"50\"><\/col>\n<col width=\"311\"><\/col>\n<tbody>\n<tr>\n<td width=\"50\">Tag 1:<\/td>\n<td width=\"311\">Ankunft \u2013 Transfer zum Hotel<\/td>\n<\/tr>\n<tr>\n<td width=\"50\">Tag 2:<\/td>\n<td width=\"311\">Wanderung zu den alten Bergd\u00f6rfern<\/td>\n<\/tr>\n<tr>\n<td width=\"50\">Tag 3:<\/td>\n<td width=\"311\">Mountainbiken auf dem Hochplateau von Kallipefki<\/td>\n<\/tr>\n<tr>\n<td width=\"50\">Tag 4:<\/td>\n<td width=\"311\">Tag zur freien Verf\u00fcgung<\/td>\n<\/tr>\n<tr>\n<td width=\"50\">Tag 5:<\/td>\n<td width=\"311\">Canyoning \u2013 Abenteuer der besonderen Art<\/td>\n<\/tr>\n<tr>\n<td width=\"50\">Tag 6:<\/td>\n<td width=\"311\">Kanufahrt auf dem \u2019Fluss Pinios zum Meer<\/td>\n<\/tr>\n<tr>\n<td width=\"50\">Tag 7:<\/td>\n<td width=\"311\">Kletterausflug nach Meteora<\/td>\n<\/tr>\n<tr>\n<td width=\"50\">Tag 8:<\/td>\n<td width=\"311\">Abreise &#8211; Transfer zum Flughafen Thessaloniki<\/td>\n<\/tr>\n<\/tbody>\n<\/table>\n<p style=\"margin-bottom: 0cm;\">\u00a0<\/p>\n<\/div>\n<p><\/p>","protected":false},"excerpt":{"rendered":"<p>Gleitschirmfliegen Der uralte Traum der Menschen wird durch einen Flug mit dem Tandemgleitschirm zur Wirklichkeit. Diese einfachste Art, wie ein Vogel abzuheben und in die dritte Dimension zu schweben, ist durch die professionelle Betreuung unserer offiziell anerkannten Flugschule und die modernsten Flugausr\u00fcstungen ein sicheres Erlebnis f\u00fcr alle Altersgruppen. Es ist schon ein besonderer Genuss, die [&hellip;]<\/p>\n","protected":false},"author":3,"featured_media":0,"parent":35,"menu_order":2,"comment_status":"closed","ping_status":"closed","template":"","meta":{"ngg_post_thumbnail":0,"footnotes":""},"class_list":["post-53","page","type-page","status-publish","hentry"],"aioseo_notices":[],"_links":{"self":[{"href":"https:\/\/www.olympicwings.com\/de\/wp-json\/wp\/v2\/pages\/53","targetHints":{"allow":["GET"]}}],"collection":[{"href":"https:\/\/www.olympicwings.com\/de\/wp-json\/wp\/v2\/pages"}],"about":[{"href":"https:\/\/www.olympicwings.com\/de\/wp-json\/wp\/v2\/types\/page"}],"author":[{"embeddable":true,"href":"https:\/\/www.olympicwings.com\/de\/wp-json\/wp\/v2\/users\/3"}],"replies":[{"embeddable":true,"href":"https:\/\/www.olympicwings.com\/de\/wp-json\/wp\/v2\/comments?post=53"}],"version-history":[{"count":0,"href":"https:\/\/www.olympicwings.com\/de\/wp-json\/wp\/v2\/pages\/53\/revisions"}],"up":[{"embeddable":true,"href":"https:\/\/www.olympicwings.com\/de\/wp-json\/wp\/v2\/pages\/35"}],"wp:attachment":[{"href":"https:\/\/www.olympicwings.com\/de\/wp-json\/wp\/v2\/media?parent=53"}],"curies":[{"name":"wp","href":"https:\/\/api.w.org\/{rel}","templated":true}]}}