{"id":50,"date":"2010-01-07T20:28:25","date_gmt":"2010-01-07T18:28:25","guid":{"rendered":"http:\/\/olympicwings.hellasbyfoot.com\/special-holidays\/round-trips"},"modified":"2017-12-01T20:39:04","modified_gmt":"2017-12-01T18:39:04","slug":"round-trips","status":"publish","type":"page","link":"https:\/\/www.olympicwings.com\/de\/special-holidays\/round-trips","title":{"rendered":"Rundreisen"},"content":{"rendered":"<p><\/p>\n<p>Olympic Wings bietet Ihnen Rundreisen und Besichtigungsfahrten, entdecken Sie mit uns die Traditionen, die Kultur, versteckte Orte und faszinierende Gebiete Griechenlands.<\/p>\n<p>Hier finden Sie einige Beispiele unserer Rundreisen, Inselhopping, Besichtigungsfahrten und \u00e4hnliche Touren in Griechenland.<\/p>\n<h4>Historisches Nordgriechenland<\/h4>\n<p>Griechenland ist ber\u00fchmt f\u00fcr das sonnige Wetter, lange Sandstr\u00e4nde, schmackhaftes traditionelles Essen und seine Kultur. Viele kennen die Griechischen Inseln, Kleinode im \u00c4g\u00e4ischen Meer. Aber es ist das Festland, das uns neben all diesen attraktiven Punkten noch weiteres zu bieten hat. Gewaltige Gebirge, historische und arch\u00e4ologische Ausgrabungsst\u00e4tten, Kirchen und freundliche Menschen machen unseren Urlaub zu einem unvergesslichen Erlebnis. Auf dieser Rundreise kombinieren wir all dies. Es erwarten uns ber\u00fchmte historische St\u00e4tten wie Vergina, Meteora, Dion, Paleos Panteleimonas und Lithohoro, das G\u00f6ttergebirge Olymp.<\/p>\n<p><br class=\"spacer_\" \/><\/p>\n<table style=\"width: 359px;\" border=\"1\" cellspacing=\"0\" cellpadding=\"2\">\n<col width=\"46\"><\/col>\n<col width=\"304\"><\/col>\n<tbody>\n<tr>\n<td width=\"46\">1. Tag:<\/td>\n<td width=\"304\">Ankunft in Thessaloniki \u2013 Transfer nach Platamonas<\/td>\n<\/tr>\n<tr>\n<td width=\"46\">2. Tag:<\/td>\n<td width=\"304\">Fahrt zu den Meteora Kl\u00f6stern<\/td>\n<\/tr>\n<tr>\n<td width=\"46\">3. Tag:<\/td>\n<td width=\"304\">Rundfahrt in Thessaloniki<\/td>\n<\/tr>\n<tr>\n<td width=\"46\">4. Tag:<\/td>\n<td width=\"304\">Dion \u2013 Litochoro \u2013 Paleos Panteleimonas<\/td>\n<\/tr>\n<tr>\n<td width=\"46\">5. Tag:<\/td>\n<td width=\"304\">Arch\u00e4ologische Ausgrabungsst\u00e4tte Vergina<\/td>\n<\/tr>\n<tr>\n<td width=\"46\">6. Tag:<\/td>\n<td width=\"304\">Abreise &#8211; Transfer zum Flughafen<\/td>\n<\/tr>\n<\/tbody>\n<\/table>\n<h4>Faszinierendes Athen<\/h4>\n<p>Die 28. Olympischen Spiele in Athen 2004 haben nicht nur die Popularit\u00e4t dieser ber\u00fchmten Stadt ver\u00e4ndert, aber hat ihr auch v\u00f6llig neue Gesichter verliehen. Nat\u00fcrlich entstanden einige neue Geb\u00e4ude und haupts\u00e4chlich haben die Olympischen Stadien das Gesamtbild der Stadt ver\u00e4ndert. Aber gerade die kleinen interessanten Ver\u00e4nderungen machen Athen f\u00fcr Besucher, die an der historischen und arch\u00e4ologischen Bedeutung dieser Wiege der Menschheit, Demokratie und dem urspr\u00fcnglichen historischen Geist der Olympischen Spiele Interesse haben, attraktiver.<\/p>\n<p>Durch das Wandern auf den Antiken Wanderwegen kann der Besucher nun leichter und ruhiger die wichtigsten arch\u00e4ologischen Geb\u00e4ude der Stadtmitte erreichen und ohne Verkehr und Stress herum schlendern. Herrliche, gr\u00fcne Pl\u00e4tze laden zum Verweilen und Ausruhen ein.<\/p>\n<p>Das neue Gesicht Athens, dargestellt durch die Olympischen Stadien, kann leicht mit der Metro und Stra\u00dfenbahnen erreicht werden, so dass wir alle Zeit haben, flexibel unsere Reise durch die Stadt zu geniessen.<\/p>\n<p>Diese Reise verbindet die Geschichte des Antiken Griechenlands mit der Bequemlichkeit einer modernen Stadt, die gerade stolzer Gastgeber des erfolgreichen und wichtigen Events f\u00fcr Sport und Frieden der Welt war.<\/p>\n<p><br class=\"spacer_\" \/><\/p>\n<table style=\"width: 642px;\" border=\"1\" cellspacing=\"0\" cellpadding=\"2\">\n<col width=\"45\"><\/col>\n<col width=\"588\"><\/col>\n<tbody>\n<tr>\n<td width=\"45\">Tag 1:<\/td>\n<td width=\"588\">Ankunft am Flughafen Athen &#8211; Transfer zum Hotel<\/td>\n<\/tr>\n<tr>\n<td width=\"45\">Tag 2:<\/td>\n<td width=\"588\">Die Antiken Wanderwege &#8211; Die Gesichter einer modernen Stadt mit \t\t\tdem geschichtlichen Hintergrund des Antiken Athens<\/td>\n<\/tr>\n<tr>\n<td width=\"45\">Tag 3:<\/td>\n<td width=\"588\">Die Antiken Wanderwege \u2013 Um die Akropolis herum<\/td>\n<\/tr>\n<tr>\n<td width=\"45\">Tag 4:<\/td>\n<td width=\"588\">Die Antiken Wanderwege \u2013 N\u00f6rdlich der Akropolis bis zum \t\t\tOmonia Platz<\/td>\n<\/tr>\n<tr>\n<td width=\"45\">Tag 5:<\/td>\n<td width=\"588\">Die Olympischen Stadien \u2013 Stadtzentrum<\/td>\n<\/tr>\n<tr>\n<td width=\"45\">Tag 6:<\/td>\n<td width=\"588\">Olympische Stadien \u2013 Die s\u00fcdliche K\u00fcste Athens<\/td>\n<\/tr>\n<tr>\n<td width=\"45\">Tag 7:<\/td>\n<td width=\"588\">Kap Sounion und der Poseidon Tempel<\/td>\n<\/tr>\n<tr>\n<td width=\"45\">Tag 8:<\/td>\n<td width=\"588\">Abreise &#8211; Transfer zum Flughafen<\/td>\n<\/tr>\n<\/tbody>\n<\/table>\n<h4>Botanikreise in Nordgriechenland<\/h4>\n<p>Entdecken Sie mit uns die vielf\u00e4lltige Botanik Griechenlands.<\/p>\n<p>Wir werden Ihnen die verschiedensten Planzenarten vorstellen und dabei erfahren Sie welche Wirkung jede einzelne Pflanze bietet.<\/p>\n<p><br class=\"spacer_\" \/><\/p>\n<table style=\"width: 642px;\" border=\"1\" cellspacing=\"0\" cellpadding=\"2\">\n<col width=\"51\"><\/col>\n<col width=\"581\"><\/col>\n<tbody>\n<tr>\n<td width=\"51\">Tag 1:<\/td>\n<td width=\"581\">Ankunft in Kavala \u2013 Transfer nach Alexandroupoli<\/td>\n<\/tr>\n<tr>\n<td width=\"51\">Tag 2:<\/td>\n<td width=\"581\">Dadia &#8211; Gibrena<\/td>\n<\/tr>\n<tr>\n<td width=\"51\">Tag 3:<\/td>\n<td width=\"581\">Evros \u2013 Evrosdelta &#8211; Traianoupoli<\/td>\n<\/tr>\n<tr>\n<td width=\"51\">Tag 4:<\/td>\n<td width=\"581\">Schlucht Avantas<\/td>\n<\/tr>\n<tr>\n<td width=\"51\">Tag 5:<\/td>\n<td width=\"581\">Ag. Nikolaos \u2013 Vistonissee \u2013 Porto Lagos<\/td>\n<\/tr>\n<tr>\n<td width=\"51\">Tag 6:<\/td>\n<td width=\"581\">Fahrradtour- Nestosauwald-Toxotes-Nestosm\u00fcndung<\/td>\n<\/tr>\n<tr>\n<td width=\"51\">Tag 7:<\/td>\n<td width=\"581\">Nestos \u2013 Stavroupoli<\/td>\n<\/tr>\n<tr>\n<td width=\"51\">Tag 8:<\/td>\n<td width=\"581\">Ruhetag am Pool oder optionale Wanderung im landschaftlich \t\t\treizvollen Tal von Stavroupoli durch traditionelle Landwirtschaft \t\t\tund am Fluss Nestos mit seinen Sand- und Kiesb\u00e4nken und \t\t\tHochwassert\u00fcmpeln.<\/td>\n<\/tr>\n<tr>\n<td width=\"51\">Tag 9:<\/td>\n<td width=\"581\">Rhodopen<\/td>\n<\/tr>\n<tr>\n<td width=\"51\">Tag 10:<\/td>\n<td width=\"581\">Abreise<\/td>\n<\/tr>\n<\/tbody>\n<\/table>\n<h4>Die Weinwege Nordgriechenlands<\/h4>\n<p>Makedonien ist ein wundersch\u00f6nes Gebiet im Norden Griechenlands, wo die Natur und der Mensch in Harmonie zusammenleben. Der Wein, unzertrennlicher Bestandteil der griechischen Kultur, wird in \u00f6kologischen Weingebieten angebaut und steht im excellenten Verh\u00e4ltiniss der Produzierung verschiedener Weinsorten.<\/p>\n<p>Die Besucher der Weinwege Nordgriechenlands werden in die Geheimnisse des Weines eingeweiht\u00a0 und geniessen gleichzeitig die Natursch\u00f6nheiten des makedonischen Landes. Die Sehensw\u00fcrdigkeiten, die arch\u00e4ologischen St\u00e4tten, die Kirchen und die Kl\u00f6ster, die Museen mit den unsch\u00e4tzbaren Sch\u00e4tzen stellen ein einzigartiges Mosaik der Kultur dar. All dies macht die Reise in dieser Region zu einem wundesch\u00f6nen, unvergesslichen Erlebniss.<\/p>\n<p><br class=\"spacer_\" \/><\/p>\n<table style=\"width: 357px;\" border=\"1\" cellspacing=\"0\" cellpadding=\"2\">\n<col width=\"54\"><\/col>\n<col width=\"292\"><\/col>\n<tbody>\n<tr>\n<td width=\"54\">Tag 1:<\/td>\n<td width=\"292\">Ankunft Thessaloniki \u2013 Transfer zum Hotel<\/td>\n<\/tr>\n<tr>\n<td width=\"54\">Tag 2:<\/td>\n<td width=\"292\">Rundfahrt Thessaloniki \u2013 Weingut Gerovassiliou<\/td>\n<\/tr>\n<tr>\n<td width=\"54\">Tag 3:<\/td>\n<td width=\"292\">Meteora Kl\u00f6ster \u2013 Weinkellerei Tsantali \/ Rapsani<\/td>\n<\/tr>\n<tr>\n<td width=\"54\">Tag 4:<\/td>\n<td width=\"292\">Ausgrabungsst\u00e4tte Vergina \u2013 Weingut Boutari<\/td>\n<\/tr>\n<tr>\n<td width=\"54\">Tag 5:<\/td>\n<td width=\"292\">Kozani \u2013 Weingut Vogiatzi<\/td>\n<\/tr>\n<tr>\n<td width=\"54\">Tag 6:<\/td>\n<td width=\"292\">Rundfahrt Sithonia \u2013 Weingut Porto Carras<\/td>\n<\/tr>\n<tr>\n<td width=\"54\">Tag 7:<\/td>\n<td width=\"292\">Ausgrabungsst\u00e4tte Filippoi \u2013 Weingut Lazaridi<\/td>\n<\/tr>\n<tr>\n<td width=\"54\">Tag 8:<\/td>\n<td width=\"292\">Abreise und Transfer<\/td>\n<\/tr>\n<\/tbody>\n<\/table>\n<h4>Klassisches Griechenland<\/h4>\n<p>Eine kleine Auswahl von Kulturst\u00e4tten des Abendlandes \u2013 in Kombination mit den modernen Metropolen des Mittelmeerraumes und zauberhaften Landschaften.<\/p>\n<p>Die auf steilen Felsen erbauten Meteora-Kl\u00f6ster, das antike Olympia und das besterhaltene Theater der Antike in Epidauros geh\u00f6ren zu den Hauptattraktionen dieser Griechenlandrundreise.<\/p>\n<p><br class=\"spacer_\" \/><\/p>\n<table style=\"width: 251px;\" border=\"1\" cellspacing=\"0\" cellpadding=\"2\">\n<col width=\"51\"><\/col>\n<col width=\"190\"><\/col>\n<tbody>\n<tr>\n<td width=\"51\">Tag 1:<\/td>\n<td width=\"190\">Anreise<\/td>\n<\/tr>\n<tr>\n<td width=\"51\">Tag 2:<\/td>\n<td width=\"190\">Thessaloniki &#8211; Rundgang<\/td>\n<\/tr>\n<tr>\n<td width=\"51\">Tag 3:<\/td>\n<td width=\"190\">Meteora-Kl\u00f6ster<\/td>\n<\/tr>\n<tr>\n<td width=\"51\">Tag 4:<\/td>\n<td width=\"190\">Delphi<\/td>\n<\/tr>\n<tr>\n<td width=\"51\">Tag 5:<\/td>\n<td width=\"190\">Die Ausgrabungen von Olympia<\/td>\n<\/tr>\n<tr>\n<td width=\"51\">Tag 6:<\/td>\n<td width=\"190\">Mistras und Mykene<\/td>\n<\/tr>\n<tr>\n<td width=\"51\">Tag 7:<\/td>\n<td width=\"190\">Epidauros<\/td>\n<\/tr>\n<tr>\n<td width=\"51\">Tag 8:<\/td>\n<td width=\"190\">Athen-Rundgang<\/td>\n<\/tr>\n<tr>\n<td width=\"51\">Tag 9:<\/td>\n<td width=\"190\">Athen individuell erleben<\/td>\n<\/tr>\n<tr>\n<td width=\"51\">Tag 10:<\/td>\n<td width=\"190\">R\u00fcckreise<\/td>\n<\/tr>\n<\/tbody>\n<\/table>\n<h4>Auf den Spuren des Apostels Paulus<\/h4>\n<p>Paulus von Tarsus war der einflussreichste Theologe des Urchristentums und neben Simon Petrus der bedeutendste fr\u00fchchristliche Missionar.<\/p>\n<p>Paulus war ein griechisch gebildeter Jude. Er war Jesus von Nazaret nie begegnet und hatte als gesetzestreuer Pharis\u00e4er die Anh\u00e4nger des gekreuzigten Wanderpredigers zun\u00e4chst verfolgt. Doch seit seinem Damaskuserlebnis verstand er sich als von Gott berufener \u201eApostel des Evangeliums f\u00fcr die V\u00f6lker\u201c . Als solcher bereiste er den \u00f6stlichen Mittelmeerraum, verk\u00fcndete dort vor allem Nichtjuden den auferstandenen Jesus Christus und gr\u00fcndete einige christliche Gemeinden, mit denen er in brieflichem Kontakt blieb. Die echten Paulusbriefe geh\u00f6ren zu den \u00e4ltesten erhaltenen Schriften des Neuen Testaments und erm\u00f6glichen viele Aufschl\u00fcsse \u00fcber den Autor und das Urchristentum.<\/p>\n<p>Paulus hat wichtige Theologen der Christentumsgeschichte ma\u00dfgebend beeinflusst. Seine Verk\u00fcndigung Jesu Christi pr\u00e4gt das Christentum bis heute.<\/p>\n<p><br class=\"spacer_\" \/><\/p>\n<table style=\"width: 541px;\" border=\"1\" cellspacing=\"0\" cellpadding=\"2\">\n<col width=\"39\"><\/col>\n<col width=\"492\"><\/col>\n<tbody>\n<tr>\n<td width=\"39\">Tag 1:<\/td>\n<td width=\"492\">Anreise<\/td>\n<\/tr>\n<tr>\n<td width=\"39\">Tag 2:<\/td>\n<td width=\"492\">Die Anf\u00e4nge der christlichen Mission in Europa\/ \t\t\tKavala-Philippi<\/td>\n<\/tr>\n<tr>\n<td width=\"39\">Tag 3:<\/td>\n<td width=\"492\">Um den Berg Athos\/Ouranoupolis<\/td>\n<\/tr>\n<tr>\n<td width=\"39\">Tag 4:<\/td>\n<td width=\"492\">Nordgriechische St\u00e4dte\/ Thessaloniki-Vergina-Kalambaka Meteora<\/td>\n<\/tr>\n<tr>\n<td width=\"39\">Tag 5:<\/td>\n<td width=\"492\">Meteora-Kl\u00f6ster-Delphi<\/td>\n<\/tr>\n<tr>\n<td width=\"39\">Tag 6:<\/td>\n<td width=\"492\">Delphi-Korinth<\/td>\n<\/tr>\n<tr>\n<td width=\"39\">Tag 7:<\/td>\n<td width=\"492\">Der wichtigste Missionsort des Apostels Paulus\/ Mykene-Alt \t\t\tKorinth-Athen<\/td>\n<\/tr>\n<tr>\n<td width=\"39\">Tag 8:<\/td>\n<td width=\"492\">Athen Rundgang<\/td>\n<\/tr>\n<tr>\n<td width=\"39\">Tag 9:<\/td>\n<td width=\"492\">R\u00fcckreise<\/td>\n<\/tr>\n<\/tbody>\n<\/table>\n<h4>Die Halbinsel Athos<\/h4>\n<p>Der Heilige Berg Athos ist eine orthodoxe M\u00f6nchsrepublik mit autonomem Status unter griechischer Souver\u00e4nit\u00e4t in Griechenland. Er befindet sich auf dem gleichnamigen \u00f6stlichen Finger der Halbinsel Chalkidiki in der Verwaltungsregion Zentralmakedonien. Im Sprachgebrauch bezeichnet der Begriff &#8222;Berg Athos&#8220; entweder die ganze Halbinsel Athos mit dem M\u00f6nchsstaat oder auch nur den eigentlichen Berg an der S\u00fcdost-Spitze der Halbinsel, der mit seinen 2.033 Metern H\u00f6he der h\u00f6chste Punkt der \u00c4g\u00e4is ist.<\/p>\n<p><br class=\"spacer_\" \/><\/p>\n<table style=\"width: 642px;\" border=\"1\" cellspacing=\"0\" cellpadding=\"2\">\n<col width=\"58\"><\/col>\n<col width=\"575\"><\/col>\n<tbody>\n<tr>\n<td width=\"58\">Tag 1:<\/td>\n<td width=\"575\">Ankunft in Thessaloniki, fahrt nach Athos<\/td>\n<\/tr>\n<tr>\n<td width=\"58\">Tag 2:<\/td>\n<td width=\"575\">Lernen sie das Leben der M\u00f6nche auf Athos kennen.<\/td>\n<\/tr>\n<tr>\n<td width=\"58\">Tag 3:<\/td>\n<td width=\"575\">Treffen sie auf faszinierende Kl\u00f6ster und geniessen sie die \t\t\tNatur und die Ruhe die ihnen Athos bietet<\/td>\n<\/tr>\n<tr>\n<td width=\"58\">Tag 4:<\/td>\n<td width=\"575\">Abreise von Athos in Richtung G\u00f6tterberg Olymp<\/td>\n<\/tr>\n<tr>\n<td width=\"58\">Tag 5:<\/td>\n<td width=\"575\">Besuch der Meteora Kl\u00f6ster<\/td>\n<\/tr>\n<tr>\n<td width=\"58\">Tag 6:<\/td>\n<td width=\"575\">Besuch des Tempi Tals<\/td>\n<\/tr>\n<tr>\n<td width=\"58\">Tag 7:<\/td>\n<td width=\"575\">Besuch des Heiligen Dionysios und der alten Bergd\u00f6rfer auf dem \t\t\tOlymp<\/td>\n<\/tr>\n<tr>\n<td width=\"58\">Tag 8:<\/td>\n<td width=\"575\">Abreise-R\u00fcckflug<\/td>\n<\/tr>\n<\/tbody>\n<\/table>\n<p>Diese Reise k\u00f6nnen leider keine weibliche Personen buchen, da der Zutirtt f\u00fcr Frauen auf Athos verboten ist.<\/p>\n<h4>Biblisches Griechenland<\/h4>\n<p>Die Region Makedonien pr\u00e4gt die griechische Antike und den Geist des fr\u00fchen Christentums. In unserem Programmverlauf von 7 Tagen besuchen sie die Orte auf dem Weg des Apostels Paulus, sowie St\u00e4tte des klassischen und orthodoxen Griechenlands.<\/p>\n<p><br class=\"spacer_\" \/><\/p>\n<table style=\"width: 332px;\" border=\"1\" cellspacing=\"0\" cellpadding=\"2\">\n<col width=\"54\"><\/col>\n<col width=\"267\"><\/col>\n<tbody>\n<tr>\n<td width=\"54\">Tag 1:<\/td>\n<td width=\"267\">Ankunft in Thessaloniki \u2013 Transfer zum Hotel<\/td>\n<\/tr>\n<tr>\n<td width=\"54\">Tag 2:<\/td>\n<td width=\"267\">Die M\u00f6nchsrepublik Athos<\/td>\n<\/tr>\n<tr>\n<td width=\"54\">Tag 3:<\/td>\n<td width=\"267\">Thessaloniki-Rundgang<\/td>\n<\/tr>\n<tr>\n<td width=\"54\">Tag 4:<\/td>\n<td width=\"267\">Philippi \u2013 Kavala<\/td>\n<\/tr>\n<tr>\n<td width=\"54\">Tag 5:<\/td>\n<td width=\"267\">Meteora<\/td>\n<\/tr>\n<tr>\n<td width=\"54\">Tag 6:<\/td>\n<td width=\"267\">Veria \u2013 Vergina<\/td>\n<\/tr>\n<tr>\n<td width=\"54\">Tag 7:<\/td>\n<td width=\"267\">Abreise &#8211; Transfer zum Flughafen<\/td>\n<\/tr>\n<\/tbody>\n<\/table>\n<h4>Insel Kreuzfahrten<\/h4>\n<h6>3-t\u00e4gige Inselkreuzfahrten<\/h6>\n<p>\u00c4G\u00c4ISCHE INSELN UND T\u00dcRKEI<\/p>\n<p>Mykonos, Rhodos, Patmos, Kussadasi<\/p>\n<p><br class=\"spacer_\" \/><\/p>\n<p>GOLDEN SPLENDOUR<\/p>\n<p>Mykonos, Kussadasi, Patmos, Heraklion, Santorini<\/p>\n<h6>4-t\u00e4gige Inselkreuzfahrten<\/h6>\n<p>\u00c4G\u00c4ISCHE INSELN, KRETA UND T\u00dcRKEI<\/p>\n<p>Mykonos, Kussadasi, Patmos, Rhodos, Herakleon (Kreta), Santorini<\/p>\n<p><br class=\"spacer_\" \/><\/p>\n<p>GOLDEN CLASSIC<\/p>\n<p>Mykonos, Kussadasi, Patmos, Rhodos, Herakleon, Santorini<\/p>\n<h6>7-t\u00e4gige Inselkreuzfahrten<\/h6>\n<p>\u00c4G\u00c4ISCHE INSELN, KRETA UND T\u00dcRKEI<\/p>\n<p>Istanbul, Mykonos, Patmos, Kussadasi, Rhodos, Heraklion, Santorini<\/p>\n<\/p>\n<p><\/p>","protected":false},"excerpt":{"rendered":"<p>Olympic Wings bietet Ihnen Rundreisen und Besichtigungsfahrten, entdecken Sie mit uns die Traditionen, die Kultur, versteckte Orte und faszinierende Gebiete Griechenlands. Hier finden Sie einige Beispiele unserer Rundreisen, Inselhopping, Besichtigungsfahrten und \u00e4hnliche Touren in Griechenland. Historisches Nordgriechenland Griechenland ist ber\u00fchmt f\u00fcr das sonnige Wetter, lange Sandstr\u00e4nde, schmackhaftes traditionelles Essen und seine Kultur. Viele kennen die [&hellip;]<\/p>\n","protected":false},"author":3,"featured_media":0,"parent":35,"menu_order":3,"comment_status":"closed","ping_status":"closed","template":"","meta":{"ngg_post_thumbnail":0,"footnotes":""},"class_list":["post-50","page","type-page","status-publish","hentry"],"aioseo_notices":[],"_links":{"self":[{"href":"https:\/\/www.olympicwings.com\/de\/wp-json\/wp\/v2\/pages\/50","targetHints":{"allow":["GET"]}}],"collection":[{"href":"https:\/\/www.olympicwings.com\/de\/wp-json\/wp\/v2\/pages"}],"about":[{"href":"https:\/\/www.olympicwings.com\/de\/wp-json\/wp\/v2\/types\/page"}],"author":[{"embeddable":true,"href":"https:\/\/www.olympicwings.com\/de\/wp-json\/wp\/v2\/users\/3"}],"replies":[{"embeddable":true,"href":"https:\/\/www.olympicwings.com\/de\/wp-json\/wp\/v2\/comments?post=50"}],"version-history":[{"count":0,"href":"https:\/\/www.olympicwings.com\/de\/wp-json\/wp\/v2\/pages\/50\/revisions"}],"up":[{"embeddable":true,"href":"https:\/\/www.olympicwings.com\/de\/wp-json\/wp\/v2\/pages\/35"}],"wp:attachment":[{"href":"https:\/\/www.olympicwings.com\/de\/wp-json\/wp\/v2\/media?parent=50"}],"curies":[{"name":"wp","href":"https:\/\/api.w.org\/{rel}","templated":true}]}}