{"id":4,"date":"2010-01-07T17:08:51","date_gmt":"2010-01-07T15:08:51","guid":{"rendered":"http:\/\/olympicwings.hellasbyfoot.com\/?page_id=3"},"modified":"2017-12-01T20:37:56","modified_gmt":"2017-12-01T18:37:56","slug":"home","status":"publish","type":"page","link":"https:\/\/www.olympicwings.com\/de\/","title":{"rendered":"Olympic Wings"},"content":{"rendered":"<p>ngg_shortcode_6_placeholder<br \/>\n<strong>Olympic Wings <\/strong> wurde 1995 in Neos Panteleimonas, einem kleinem Dorf am Fusse des G\u00f6tterbergs Olymp gegr\u00fcndet. Wir organisieren <strong>gef\u00fchrte und individuelle Sport- und Aktivit\u00e4tsreisen<\/strong> f\u00fcr Interessenten aus aller Welt. Ebenfalls bieten wir <strong>Unterk\u00fcnfte aller Art<\/strong> f\u00fcr Sie, Ihre Kollegen, Ihre Freunde und Ihre Familie an.<\/p>\n<p>&nbsp;<\/p>\n<p>Die <strong>Philosophie<\/strong> von Olympic Wings verfolgt die Idee, unseren G\u00e4sten die verschiedenen Regionen Griechenlands aus einer ganz besonderen Perspektive und abseits des herk\u00f6mmlichen Touristenstroms vorzustellen. Wir m\u00f6chten Ihnen Griechenland mit seinen einmaligen Landschaften, historischen Kulturen und Traditionen und dem heutigen Lifestyle so zeigen, wie wir das Land erleben und lieben.<\/p>\n<p>&nbsp;<\/p>\nngg_shortcode_7_placeholder\n<p>Sie k\u00f6nnen in Begleitung von erfahrenen Fluglehrern von verschiedenen Startpl\u00e4tzen am Olymp <strong>Gleitschirmfliegen<\/strong>. Fliegen Sie \u00fcber die Gipfel des Olymp und die Str\u00e4nde der \u00c4g\u00e4ischen See.<\/p>\n<p>&nbsp;<\/p>\n<p><strong>Klettern<\/strong> Sie auf die Bergspitzen des G\u00f6tterbergs Olympus, <strong>Wandern<\/strong> Sie durch Schluchten, Bergd\u00f6rfer und \u00fcber Hochebenen mit atemberaubenden Blick auf die \u00c4g\u00e4ischen See und entdecken Sie die faszinierende Natur, die wir t\u00e4glich erleben und Ihnen gerne hautnah pr\u00e4sentieren m\u00f6chten.<\/p>\n<p>&nbsp;<\/p>\n<p>Paddeln Sie mit dem <strong>Kanu<\/strong> durch die Flussarme des Deltas\u00a0und bis an den Strand, fahren Sie\u00a0mit dem <strong>Mountain Bike<\/strong> durch tiefe Schluchten und traditionelle Bergd\u00f6rfer. Besichtigen Sie die <strong>Sehensw\u00fcrdigkeiten<\/strong>, die Griechenland zu bieten hat und erfahren Sie alles \u00fcber die <strong>Arch\u00e4ologie<\/strong> und die <strong>Kultur<\/strong> des Landes. Ebenfalls organisieren wir f\u00fcr Sie <strong>Bogenschiessen<\/strong>, <strong>Paintball<\/strong>, <strong>Jeep-Safari<\/strong>, <strong>Wassersportaktivit\u00e4ten<\/strong> und vieles mehr.<\/p>\n<p>&nbsp;<\/p>\nngg_shortcode_8_placeholder\n<p>&nbsp;<\/p>\n<p>Griechenland ist eine <strong>traditionelle Urlaubsdestination<\/strong>, die viele Urlauber jedes Jahr w\u00e4hlen. Viele Besucher verbringen Ihren Urlaub auf den einzigartigen <strong>Inseln<\/strong> oder auf dem faszinierenden <strong>Festland<\/strong>.<\/p>\n<p>&nbsp;<\/p>\n<p>Das Festland Griechenlands bietet die sch\u00f6nsten und <strong>abwechslungsreichsten Naturlandschaften<\/strong> Europas. F\u00fcr Naturliebhaber, Sportler, Kulturfans und Geschichtsinteressierte ebenso zum Spass haben, Partys feiern und Relaxen ist Griechenland die absolut ideale Urlaubsdestination.<\/p>\n<p>&nbsp;<\/p>\n<p>&nbsp;<\/p>\n<p>&nbsp;<\/p>\n<h3>Olympic Wings als Reiseveranstalter<\/h3>\n<p>ngg_shortcode_9_placeholder<strong>Olympic Wings<\/strong> wurde 1995 gegr\u00fcndet und ist ein<strong> voll lizenzierter Reiseveranstalter <\/strong>(EOT Nr.: \u03a4\u039300024). Unser B\u00fcro befindet sich in Neos Panteleimonas am Fuss des Olympgebirges direkt am \u00c4g\u00e4ischen Meer.<\/p>\n<p>&nbsp;<\/p>\n<p>Wir haben uns auf die <strong>professionelle Organisation und Durchf\u00fchrung<\/strong> von Wanderreisen, Mountain- und Tourbikereisen, Multiaktivit\u00e4tsreisen und Rundreisen spezialisiert. Durch unsere <strong>hohe Flexibilit\u00e4t<\/strong> k\u00f6nnen wir Ihnen auf Ihre Kunden massgeschneiderte Reisen anbieten.<\/p>\n<p>&nbsp;<\/p>\n<p>Olympic Wings<strong> kooperiert mit ausl\u00e4ndischen Reiseb\u00fcros und Reiseveranstaltern<\/strong>, wir bieten als Ihre <strong>Incoming-Agentur<\/strong> alle Reisedienstleistungen vor Ort an.<\/p>\n<p>&nbsp;<\/p>\n<p>&nbsp;<\/p>\n<h3>Olympic Wings als Hotelanbieter<\/h3>\nngg_shortcode_10_placeholder\n<p>Auf unserer Internetseite finden Sie eine Reihe von <strong>traumhaften Hotels, G\u00e4steh\u00e4user und Bergh\u00fctten<\/strong> in ganz Griechenland. Alle H\u00e4user haben wir <strong>pers\u00f6nlich ausgew\u00e4hlt<\/strong> und wir sind davon \u00fcberzeugt, dass Sie mit deren Service hochzufrieden sein werden.<\/p>\n<p>&nbsp;<\/p>\n<p>Einige davon befinden sich auf dem <strong>Festland<\/strong>, in interessanten St\u00e4dten, traditionellen D\u00f6rfern auf den Bergen oder an den langen Str\u00e4nden der Urlaubsregionen. Andere liegen auf den bezaubernden <strong>Griechischen Inseln<\/strong>. Sie k\u00f6nnen sich am Strand beim Sonnenbaden erholen oder auch die Natur der Berge geniessen.<\/p>\n<p>&nbsp;<\/p>\n<p>Wir bieten viele M\u00f6glichkeiten und f\u00fcr <strong>jeden Urlaubstyp das Passende<\/strong> an.<\/p>\n<p>&nbsp;<\/p>\n<p style=\"text-align: right;\"><strong>::: &gt; <a title=\"Unterk\u00fcnfte\" href=\"http:\/\/www.olympicwings.com\/de\/accommodation\">Unterk\u00fcnfte<\/a><\/strong><\/p>\n<p>&nbsp;<\/p>\n<p>&nbsp;<\/p>\n<h3>Olympic Wings als Gleitschirmflugzentrum<\/h3>\nngg_shortcode_11_placeholder\n<p>Olympic Wings ist ein <strong>Gleitschirmflugzentrum und &#8211; schule<\/strong>, die vom Griechischen Flugverband EL.A.O. und daher auch vom Internationalen Flugverband FAI anerkannt ist.<\/p>\n<p>&nbsp;<\/p>\n<p>Jedes Jahr besuchen uns <strong>Flugschulen <\/strong>haupts\u00e4chlich aus Deutschland, England, \u00d6sterreich, Schweiz und <strong>individuelle Piloten<\/strong> aus aller Welt. Wir bieten Euch mehr als 15 verschiedene Start- und Landepl\u00e4tze in der Region des Olymps.<\/p>\n<p>&nbsp;<\/p>\n<p>Ihr fliegt mit uns \u00fcber den faszinierenden <strong>G\u00f6tterberg Olymp<\/strong> und landet an den bezaubernden <strong>Str\u00e4nden der Olympischen Riviera<\/strong>, wobei Ihr die Sch\u00f6nheit der Natur von oben betrachten k\u00f6nnt. Ihr werdet in freundlichen Familienhotels oder in Luxusresorts mit ausgezeichnetem Service \u00fcbernachten. Unsere Fluglehrer unterst\u00fctzen Euch tatkr\u00e4ftig beim Fliegen und k\u00fcmmern sich um Eure Sicherheit, so dass Ihr Euch ganz aufs Fliegen konzentrieren k\u00f6nnt.<\/p>\n<p>&nbsp;<\/p>\n<p><strong>Wir m\u00f6chten Euch einladen, Euren Fliegerurlaub mit uns zu verbringen<\/strong>, Eure Thermik-, Strecken- oder Tandemflugtechniken zu verbessern, die Griechische Gastfreundschaft zu geniessen und <strong>viel Spass<\/strong> zu haben.<\/p>\n<p>&nbsp;<\/p>\n<p style=\"text-align: right;\"><strong>::: &gt; <a title=\"Paragliding Hellas\" href=\"http:\/\/paragliding.olympicwings.com\/de\/\">Paragliding Hellas<\/a><\/strong><\/p>\n<p><\/p>","protected":false},"excerpt":{"rendered":"<p>Olympic Wings wurde 1995 in Neos Panteleimonas, einem kleinem Dorf am Fusse des G\u00f6tterbergs Olymp gegr\u00fcndet. Wir organisieren gef\u00fchrte und individuelle Sport- und Aktivit\u00e4tsreisen f\u00fcr Interessenten aus aller Welt. Ebenfalls bieten wir Unterk\u00fcnfte aller Art f\u00fcr Sie, Ihre Kollegen, Ihre Freunde und Ihre Familie an. &nbsp; Die Philosophie von Olympic Wings verfolgt die Idee, unseren [&hellip;]<\/p>\n","protected":false},"author":3,"featured_media":0,"parent":0,"menu_order":1,"comment_status":"closed","ping_status":"closed","template":"","meta":{"ngg_post_thumbnail":0,"footnotes":""},"class_list":["post-4","page","type-page","status-publish","hentry"],"aioseo_notices":[],"_links":{"self":[{"href":"https:\/\/www.olympicwings.com\/de\/wp-json\/wp\/v2\/pages\/4","targetHints":{"allow":["GET"]}}],"collection":[{"href":"https:\/\/www.olympicwings.com\/de\/wp-json\/wp\/v2\/pages"}],"about":[{"href":"https:\/\/www.olympicwings.com\/de\/wp-json\/wp\/v2\/types\/page"}],"author":[{"embeddable":true,"href":"https:\/\/www.olympicwings.com\/de\/wp-json\/wp\/v2\/users\/3"}],"replies":[{"embeddable":true,"href":"https:\/\/www.olympicwings.com\/de\/wp-json\/wp\/v2\/comments?post=4"}],"version-history":[{"count":0,"href":"https:\/\/www.olympicwings.com\/de\/wp-json\/wp\/v2\/pages\/4\/revisions"}],"wp:attachment":[{"href":"https:\/\/www.olympicwings.com\/de\/wp-json\/wp\/v2\/media?parent=4"}],"curies":[{"name":"wp","href":"https:\/\/api.w.org\/{rel}","templated":true}]}}