{"id":1459,"date":"2017-11-29T22:29:01","date_gmt":"2017-11-29T20:29:01","guid":{"rendered":"http:\/\/www.olympicwings.com\/?page_id=1459"},"modified":"2017-12-01T13:39:20","modified_gmt":"2017-12-01T11:39:20","slug":"enable-hellas","status":"publish","type":"page","link":"https:\/\/www.olympicwings.com\/de\/special-holidays\/enable-hellas","title":{"rendered":"Enable! Hellas"},"content":{"rendered":"<p><\/p>\n<h4>Tandemfliegen mit dem Gleitschirm<\/h4>\nngg_shortcode_5_placeholder\n<p>Der <strong>Traum vom Fliegen<\/strong> ist so alt wie die Menschheit. Fliegen steht f\u00fcr Freiheit, Weite und Abenteuer.<\/p>\n<p>&nbsp;<\/p>\n<p>Durch unsere Leidenschaft, die <strong>dritte Dimension<\/strong> zu erleben, wurde 1995 die Gleitschirmflugschule Olympic Wings am Olymp gegr\u00fcndet. Wir haben bereits viele Fussg\u00e4nger zu begeisterten Piloten ausgebildet und \u00fcber die Jahre hinweg unz\u00e4hlige Gleitschirmflieger in ihrem Flugurlaub fachm\u00e4nnisch betreut und begleitet.<\/p>\n<p>&nbsp;<\/p>\n<p>Unvergesslich bleiben uns die Erfahrungen mit Piloten, die<strong> trotz k\u00f6rperlicher Einschr\u00e4nkungen <\/strong>ihrem Hobby mit starkem Willen, teilweise spezieller technischer Unterst\u00fctzung und ansteckender Lebensfreunde nachgingen. Sie haben uns davon \u00fcberzeugt, dass das Gleitschirmfliegen &#8211; und speziell das Tandemfliegen &#8211; auch f\u00fcr behinderte Menschen m\u00f6glich ist.<\/p>\n<p>&nbsp;<\/p>\n<p>Der <strong> Gleitschirm <\/strong>ist eines der einfachsten, modernen Flugger\u00e4te und die Flugtechniken sich recht schnell von fast jedem zu erlernen. Ein einmaliges Flugerlebnis bietet der Tandemschirm, hier kann man ohne Vorkenntnisse gemeinsam mit einem erfahrenen Piloten oder Fluglehrer fliegen.<\/p>\n<p>&nbsp;<\/p>\n<p>&nbsp;<\/p>\n<p>Ein beeindruckender Tandemflug beginnt am<strong> Startplatz Profitis Ilias<\/strong>. Dieser Aussichtspunkt liegt oberhalb des alten Bergdorfs Paleos Panteleimonas, mitten in den Esskastanienw\u00e4ldern des Kato (Unteren) Olymps, auf ca. 600 m \u00fcber dem \u00c4g\u00e4ischen Meer. Die Sicht auf die Burg von Platamonas, das Olympgebirge und die Str\u00e4nde der Olympischen Riviera sind beeindruckend.<\/p>\n<p>&nbsp;<\/p>\nngg_shortcode_6_placeholder\n<p>&nbsp;<\/p>\n<p>&nbsp;<\/p>\n<p>Nun beginnen die Vorbereitungen f\u00fcr unseren <strong>Tandemflug<\/strong>: Der Gleitschirm wird ausgebreitet und in Windrichtung ausgelegt, Pilot und Passagier tragen ihr Gurtzeug und einem Helm, die Leinen werden sortiert und beide Flieger an den Gurten des Schirmes angeh\u00e4ngt &#8211; der Passagier vor dem Piloten.<\/p>\n<p>&nbsp;<\/p>\n<p>Gegen den Wind zieht der Pilot den Schirm sanft hoch, nach ein paar schnellen Schritten von Pilot und Passagier ist das Flugger\u00e4t in der Luft. Der Passagier kann sich entspannt im Gurtzeug sitzend die Erde von oben ansehen, der Pilot lenkt den Schirm sicher in Richtung Meer zum Landeplatz.<\/p>\n<p>&nbsp;<\/p>\n<p>Der etwas andere Blickwinkel auf den langgezogenen Strand und die vieleckige Burg sind einmalig. Nach ein paar Kurven und Kreisen beginnt der Landeanflug auf den Sandstrand.<\/p>\n<p>&nbsp;<\/p>\n<p>Kurz vor dem Aufkommen bremst der Pilot den Tandemschirm so stark ab, dass wenige Schritten gen\u00fcgen, um wieder am Boden zu stehen.<\/p>\n<p>&nbsp;<\/p>\n<p>&nbsp;<\/p>\n<h5 style=\"text-align: center;\">Fliegen Sie mit &#8211; Fliegen Sie mit uns!<\/h5>\n<p>&nbsp;<\/p>\nngg_shortcode_7_placeholder\n<h4>&nbsp;<\/h4>\n<h4>&nbsp;<\/h4>\n<h4>Piratenbootfahrt entlang der Olympischen Riviera<\/h4>\n<p>ngg_shortcode_8_placeholder<br \/>\nAm Hafen von Platamonas erwartet Sie das <strong>rustikale Piratenboot<\/strong> zu einem Ausflug entlang der Olympischen Riviera.<\/p>\n<p>&nbsp;<\/p>\n<p>Nachdem Sie sicher an Board gelangt sind und ihr Begr\u00fc\u00dfungsgetr\u00e4nk geniessen, f\u00e4hrt das Schiff schon gem\u00fctlich aus dem Hafen. Kurze Zeit sp\u00e4ter erreichen Sie bereits die <strong>Burg von Platamonas<\/strong>, direkt \u00fcber ihr sehen Sie an den Flanken des Olympgebirges die <strong>alten Bergd\u00f6rfer<\/strong> liegen. Weiter, immer entlang der K\u00fcste, erleben Sie eine gen\u00fcssliche Fahrt auf den ruhigen Gew\u00e4ssern der \u00c4g\u00e4is, vorbei an verschiedenen St\u00e4dtchen bis nach <strong>Gritsa<\/strong>, dem Hafen der historischen Stadt Dion, die im Inland liegt.<\/p>\n<p>&nbsp;<\/p>\n<p>Nach einem Landgang mit Mittagsessen und Erholung am Strand geht es zur\u00fcck in Richtung S\u00fcden. Die R\u00fcckfahrt h\u00e4lt noch eine \u00dcberraschung bereit, es geht n\u00e4mlich an Platamonas &#8211; Ihrem Startpunkt &#8211; vorbei und sogar noch weiter&#8230;<\/p>\n<p>&nbsp;<\/p>\n<p>an den n\u00e4chsten D\u00f6rfern vorbei bis an das naturbelassene Sumpfgebiet des <strong>Pinios-Flusses<\/strong>. Dieser fliesst in weiten M\u00e4andern aus dem Tembital hinaus in Richtung Meer und bildet dabei ein Paradies und Lebensraum f\u00fcr die vielf\u00e4ltigste Tier- und Pflanzenwelt.<\/p>\n<p>&nbsp;<\/p>\n<p>In einer weiten Schleife bringt Sie unser Piratenboot wieder zur\u00fcck in den Hafen von Platamonas.<\/p>\n<p>&nbsp;<\/p>\n<p>Auf der Hin- und auch der R\u00fcckfahrt werden auf dem Meer Pausen eingelegt, bei denen Sie vom Boot aus Springen oder Klettern und Schwimmen k\u00f6nnen &#8211; ein <strong>Badestopp<\/strong>!<\/p>\n<p>&nbsp;<\/p>\n<p>W\u00e4hrend der Fahrt werden kleine <strong>Snacks<\/strong>, wie z.B. Fruchtsalat und <strong>Getr\u00e4nke <\/strong>(alkoholische und nicht alkoholische) angeboten.<\/p>\n<p>&nbsp;<\/p>\n<p>ngg_shortcode_9_placeholder<\/p>","protected":false},"excerpt":{"rendered":"<p>Tandemfliegen mit dem Gleitschirm Der Traum vom Fliegen ist so alt wie die Menschheit. Fliegen steht f\u00fcr Freiheit, Weite und Abenteuer. &nbsp; Durch unsere Leidenschaft, die dritte Dimension zu erleben, wurde 1995 die Gleitschirmflugschule Olympic Wings am Olymp gegr\u00fcndet. Wir haben bereits viele Fussg\u00e4nger zu begeisterten Piloten ausgebildet und \u00fcber die Jahre hinweg unz\u00e4hlige Gleitschirmflieger [&hellip;]<\/p>\n","protected":false},"author":3,"featured_media":0,"parent":35,"menu_order":1,"comment_status":"closed","ping_status":"closed","template":"","meta":{"ngg_post_thumbnail":0,"footnotes":""},"class_list":["post-1459","page","type-page","status-publish","hentry"],"aioseo_notices":[],"_links":{"self":[{"href":"https:\/\/www.olympicwings.com\/de\/wp-json\/wp\/v2\/pages\/1459","targetHints":{"allow":["GET"]}}],"collection":[{"href":"https:\/\/www.olympicwings.com\/de\/wp-json\/wp\/v2\/pages"}],"about":[{"href":"https:\/\/www.olympicwings.com\/de\/wp-json\/wp\/v2\/types\/page"}],"author":[{"embeddable":true,"href":"https:\/\/www.olympicwings.com\/de\/wp-json\/wp\/v2\/users\/3"}],"replies":[{"embeddable":true,"href":"https:\/\/www.olympicwings.com\/de\/wp-json\/wp\/v2\/comments?post=1459"}],"version-history":[{"count":0,"href":"https:\/\/www.olympicwings.com\/de\/wp-json\/wp\/v2\/pages\/1459\/revisions"}],"up":[{"embeddable":true,"href":"https:\/\/www.olympicwings.com\/de\/wp-json\/wp\/v2\/pages\/35"}],"wp:attachment":[{"href":"https:\/\/www.olympicwings.com\/de\/wp-json\/wp\/v2\/media?parent=1459"}],"curies":[{"name":"wp","href":"https:\/\/api.w.org\/{rel}","templated":true}]}}