{"id":141,"date":"2010-01-29T23:16:09","date_gmt":"2010-01-29T21:16:09","guid":{"rendered":"http:\/\/olympicwings.hellasbyfoot.com\/accommodation\/halkidiki\/xenios-2"},"modified":"2017-12-10T14:26:42","modified_gmt":"2017-12-10T12:26:42","slug":"xenios-2","status":"publish","type":"page","link":"https:\/\/www.olympicwings.com\/de\/accommodation\/halkidiki\/xenios-2","title":{"rendered":"Xenios Zeus 2*+"},"content":{"rendered":"<p>ngg_shortcode_2_placeholder<br \/>\n<strong>Hotel Xenios Zeus ist ein kleines Hotel<\/strong>, direkt am Strand von Nikiti, auf der sch\u00f6nen Halbinsel Sithonia.<\/p>\n<p>&nbsp;<\/p>\n<p>Es besteht aus<strong> 15 Doppelzimmern<\/strong>, alle ausgestattet mit Klimaanlage, Sat-TV, Telefon, freiem Internetzugang, K\u00fchlschrank, Haartrockner und Safe, eines davon ist geeignet f\u00fcr Familien mit bis zu 4 Personen.<\/p>\n<p>&nbsp;<\/p>\n<p>Alle Zimmer verf\u00fcgen \u00fcber einen<strong> eigenen Balkon<\/strong>, einige mit Meerblick, andere \u00f6ffnen sich zum Garten. Jedes der 15 gem\u00fctlichen und freundlichen Zimmer ist sehr liebevoll in der ihm eigenen Farbe dekoriert. Das reichhaltige Fr\u00fchst\u00fccksbuffet mit hausgebackenem Kuchen wird von 8.30 &#8211; 10.00 Uhr serviert.<\/p>\n<p>&nbsp;<\/p>\n<p>Perfekt <strong>an Nikitis Strand<\/strong> gelegen, bietet unser familiengef\u00fchrtes Hotel unseren G\u00e4sten eine traditionelle und charmante Unterkunft, die beste Wahl f\u00fcr erholsame Ferien in behaglicher Atmosph\u00e4re.<\/p>\n<p>&nbsp;<\/p>\n<p>Das Hotel hat ein ganztags ge\u00f6ffnetes <strong>Restaurant <\/strong>mit guter traditioneller griechischer K\u00fcche, in dem unsere G\u00e4ste ihre Speisen mit Blick auf das wundersch\u00f6ne \u00e4g\u00e4ische Meer genie\u00dfen k\u00f6nnen.<\/p>\n<h5><strong>Special Holidays im Hotel Xenios Zeus<br \/>\n<\/strong><\/h5>\n<p><strong>Die folgenden Urlaubsprogramme k\u00f6nnen Sie in Kombination mit Hotel Xenios Zeus buchen:<\/strong><\/p>\n<p>&nbsp;<\/p>\n<ul>\n<li><a title=\"Wanderurlaub\" href=\"http:\/\/www.hellasbyfoot.com\/de\/\">Wanderurlaub<\/a> auf Chalkidiki\n<ul>\n<li>Natur und Kultur Chalkidiki individuell<\/li>\n<\/ul>\n<\/li>\n<\/ul>\n<p>&nbsp;<\/p>\n<p>Wenn Sie sich entspannen und einen <strong>Strandurlaub<\/strong> machen m\u00f6chten, k\u00f6nnen Sie nur das Hotel buchen.<br \/>\nHotel Xenios Zeus ist ideal f\u00fcr <strong>Familien<\/strong>, <strong>individuell Reisende<\/strong> und <strong>kleine Gruppen<\/strong> geeignet.<\/p>\n<p>&nbsp;<\/p>\n<p>Wir k\u00f6nnen f\u00fcr Sie einen <a title=\"Mietwagen\" href=\"http:\/\/www.olympicwings.com\/de\/transportation\">Mietwagen<\/a>, <a title=\"Aktivit\u00e4ten\" href=\"http:\/\/www.olympicwings.com\/de\/special-holidays\/activities\">Tagesaktivit\u00e4ten<\/a> und <a title=\"Ausfl\u00fcge\" href=\"http:\/\/www.olympicwings.com\/de\/special-holidays\/sightseeing\">Sightseeing Ausfl\u00fcge<\/a> w\u00e4hrend Ihres Aufenthaltes organisieren.<\/p>\n<h5 style=\"text-align: center;\">Foto Galerie<\/h5>\n<p>ngg_shortcode_3_placeholder<\/p>","protected":false},"excerpt":{"rendered":"<p>Hotel Xenios Zeus ist ein kleines Hotel, direkt am Strand von Nikiti, auf der sch\u00f6nen Halbinsel Sithonia. &nbsp; Es besteht aus 15 Doppelzimmern, alle ausgestattet mit Klimaanlage, Sat-TV, Telefon, freiem Internetzugang, K\u00fchlschrank, Haartrockner und Safe, eines davon ist geeignet f\u00fcr Familien mit bis zu 4 Personen. &nbsp; Alle Zimmer verf\u00fcgen \u00fcber einen eigenen Balkon, einige [&hellip;]<\/p>\n","protected":false},"author":3,"featured_media":0,"parent":91,"menu_order":2,"comment_status":"closed","ping_status":"open","template":"","meta":{"ngg_post_thumbnail":0,"footnotes":""},"class_list":["post-141","page","type-page","status-publish","hentry"],"aioseo_notices":[],"_links":{"self":[{"href":"https:\/\/www.olympicwings.com\/de\/wp-json\/wp\/v2\/pages\/141","targetHints":{"allow":["GET"]}}],"collection":[{"href":"https:\/\/www.olympicwings.com\/de\/wp-json\/wp\/v2\/pages"}],"about":[{"href":"https:\/\/www.olympicwings.com\/de\/wp-json\/wp\/v2\/types\/page"}],"author":[{"embeddable":true,"href":"https:\/\/www.olympicwings.com\/de\/wp-json\/wp\/v2\/users\/3"}],"replies":[{"embeddable":true,"href":"https:\/\/www.olympicwings.com\/de\/wp-json\/wp\/v2\/comments?post=141"}],"version-history":[{"count":0,"href":"https:\/\/www.olympicwings.com\/de\/wp-json\/wp\/v2\/pages\/141\/revisions"}],"up":[{"embeddable":true,"href":"https:\/\/www.olympicwings.com\/de\/wp-json\/wp\/v2\/pages\/91"}],"wp:attachment":[{"href":"https:\/\/www.olympicwings.com\/de\/wp-json\/wp\/v2\/media?parent=141"}],"curies":[{"name":"wp","href":"https:\/\/api.w.org\/{rel}","templated":true}]}}