{"id":121,"date":"2010-01-29T21:10:52","date_gmt":"2010-01-29T19:10:52","guid":{"rendered":"http:\/\/olympicwings.hellasbyfoot.com\/accommodation\/olympic-riviera\/oceana-2"},"modified":"2010-03-15T10:32:13","modified_gmt":"2010-03-15T08:32:13","slug":"oceana-2","status":"publish","type":"page","link":"https:\/\/www.olympicwings.com\/de\/accommodation\/olympic-riviera\/oceana-2","title":{"rendered":"Oceana 2*+"},"content":{"rendered":"<p><\/p>\n<p>ngg_shortcode_2_placeholder<br \/>\n <strong>Hotel Oceana<\/strong> liegt direkt am kilometerlangem Sandstrand von Neos  Panteleimonas, zwischen den St\u00e4dten Katerini 35 km\u00a0 und Larisa 30 km  entfernt. Der ber\u00fchmte, nahe gelegene G\u00f6tterberg Olymp bestimmt das  Bild. Die Umgebung l\u00e4dt zu sch\u00f6nen Spazierg\u00e4ngen und Wanderungen ein.  Tags\u00fcber verkehrt ein \u00f6ffentlicher Linienbus nach Katerini und Larisa  (Haltestelle in der N\u00e4he).<\/p>\n<h5>Hotelausstattung<\/h5>\n<p>Das Hotel besteht aus 30 geschmackvoll eingerichteten Zimmern,  Empfangshalle mit Rezeption, Bar, Speisesaal, Gartenanlage, Liegest\u00fchle  am Strand.<\/p>\n<h5>Zimmerausstattung<\/h5>\n<p>In Ihrem Zimmer finden Sie TV, Telefon, Klimaanlage, K\u00fchlschrank,  Haartrockner, Bad mit Dusche und WC und einen Balkon mit Blick auf das  Meer oder auf den G\u00f6tterberg Olymp.<\/p>\n<h5>Verpflegung<\/h5>\n<p>Halbpension beinhaltet Fr\u00fchst\u00fcck und Abendessen in warmer Buffetform.<\/p>\n<h5>Sport  und Unterhaltung<\/h5>\n<p><strong> <\/strong>Wandern, Radfahren, Gleitschirmfliegen (gegen Geb\u00fchr)<\/p>\n<p>Autovermietung  auf Anfrage<\/p>\n<h5 style=\"text-align: center;\">Foto  Galerie<\/h5>\nngg_shortcode_3_placeholder\n<p><\/p>","protected":false},"excerpt":{"rendered":"<p>Hotel Oceana liegt direkt am kilometerlangem Sandstrand von Neos Panteleimonas, zwischen den St\u00e4dten Katerini 35 km\u00a0 und Larisa 30 km entfernt. Der ber\u00fchmte, nahe gelegene G\u00f6tterberg Olymp bestimmt das Bild. Die Umgebung l\u00e4dt zu sch\u00f6nen Spazierg\u00e4ngen und Wanderungen ein. Tags\u00fcber verkehrt ein \u00f6ffentlicher Linienbus nach Katerini und Larisa (Haltestelle in der N\u00e4he). Hotelausstattung Das Hotel [&hellip;]<\/p>\n","protected":false},"author":3,"featured_media":0,"parent":88,"menu_order":8,"comment_status":"closed","ping_status":"open","template":"","meta":{"ngg_post_thumbnail":0,"footnotes":""},"class_list":["post-121","page","type-page","status-publish","hentry"],"aioseo_notices":[],"_links":{"self":[{"href":"https:\/\/www.olympicwings.com\/de\/wp-json\/wp\/v2\/pages\/121","targetHints":{"allow":["GET"]}}],"collection":[{"href":"https:\/\/www.olympicwings.com\/de\/wp-json\/wp\/v2\/pages"}],"about":[{"href":"https:\/\/www.olympicwings.com\/de\/wp-json\/wp\/v2\/types\/page"}],"author":[{"embeddable":true,"href":"https:\/\/www.olympicwings.com\/de\/wp-json\/wp\/v2\/users\/3"}],"replies":[{"embeddable":true,"href":"https:\/\/www.olympicwings.com\/de\/wp-json\/wp\/v2\/comments?post=121"}],"version-history":[{"count":0,"href":"https:\/\/www.olympicwings.com\/de\/wp-json\/wp\/v2\/pages\/121\/revisions"}],"up":[{"embeddable":true,"href":"https:\/\/www.olympicwings.com\/de\/wp-json\/wp\/v2\/pages\/88"}],"wp:attachment":[{"href":"https:\/\/www.olympicwings.com\/de\/wp-json\/wp\/v2\/media?parent=121"}],"curies":[{"name":"wp","href":"https:\/\/api.w.org\/{rel}","templated":true}]}}