{"id":120,"date":"2010-01-29T21:10:30","date_gmt":"2010-01-29T19:10:30","guid":{"rendered":"http:\/\/olympicwings.hellasbyfoot.com\/accommodation\/olympic-riviera\/eden-2"},"modified":"2017-12-10T14:21:20","modified_gmt":"2017-12-10T12:21:20","slug":"eden-2","status":"publish","type":"page","link":"https:\/\/www.olympicwings.com\/de\/accommodation\/olympic-riviera\/eden-2","title":{"rendered":"Eden 2*"},"content":{"rendered":"<p>ngg_shortcode_0_placeholder<strong><br \/>\nHotel Eden<\/strong> liegt in einer reizvollen Landschaft, am Fuss des G\u00f6tterbergs Olymp, im Gr\u00fcnen und doch in unmittelbarer N\u00e4he zum Meer im Dorf Nei Pori. Es ist nur 200 m vom weiten und besonders <strong>langen Sandstrand<\/strong> entfernt.<\/p>\n<p>&nbsp;<\/p>\n<p>Das<strong> Hotel Eden<\/strong> wurde 1985 gebaut und im Jahr 2006 komplett renoviert. Das <strong>famili\u00e4r gef\u00fchrte Hotel<\/strong> bietet elegante Zimmer, die sch\u00f6n eingerichtet und mit einer Vielzahl von Annehmlichkeiten ausgestattet sind. Es verf\u00fcgt insgesamt \u00fcber <strong>30 Betten<\/strong>.<\/p>\n<p>&nbsp;<\/p>\n<p>Die G\u00e4ste k\u00f6nnen ihren Tag mit einem<strong> leckeren Fr\u00fchst\u00fcck <\/strong>beginnen, das im Hotel serviert wird. Zum Fr\u00fchst\u00fcck gibt es unter anderem hausgemachte Marmeladen, Kuchen und frische Eier vom Bauernhof.<\/p>\n<h5>Hotelausstattung<\/h5>\n<p>Das Hotel verf\u00fcgt \u00fcber ein<strong> Schwimmbad<\/strong>, einen<strong> Aufzug, wireless Internetzugang<\/strong> und ein Kaffee \/ Bar. Das Hotel ist \u00fcber eine <strong>Rampe<\/strong> erreichbar, ausserdem stehen kostenlose <strong>Au\u00dfenparkpl\u00e4tze <\/strong>f\u00fcr alle unsere G\u00e4ste zur Verf\u00fcgung.<br \/>\nBesonders zu betonen ist, dass die Zimmer in unserem Hotel sehr sauber, hell und ger\u00e4umig sind und dass unsere Serviceleistungen ausgezeichnet sind. Die Zimmer werden<strong> jeden Tag gereinigt <\/strong>und die Hand- und Badet\u00fccher werden gewechselt. Die Bettlaken werden alle 2 Tage gewechselt.<br \/>\n<strong>Entdecken Sie es selbst!<\/strong><\/p>\n<h5>Zimmerausstattung<\/h5>\n<p>Alle Zimmer sind mit Klimaanlage (Heizung &#8211; K\u00fchlung), Fernseher (Satellitenfernsehen), Telefon, Bad mit <strong>Hydromassage<\/strong>, F\u00f6n und Kosmetikspiegel, Fensterl\u00e4den, Safe und K\u00fchlschrank, ausgestattet. <strong>Die Betten und Matratzen sind von bester Qualit\u00e4t und neu.<\/strong> Die Matratzen haben 260 voneinander unabh\u00e4ngige Sprungfedern pro Quadratmeter und bestehen aus Latex. Die Zimmer haben einen <strong>Balkon <\/strong>mit sch\u00f6ner Aussicht. Der Boden ist aus Onyx-Marmor vom Olymp. Die Toiletten und die Fliesen sind neu. Es gibt flie\u00dfend Kalt- und Warmwasser.<\/p>\n<h5><strong>Special Holidays im Hotel Eden<\/strong><\/h5>\n<p><strong>Die folgenden Urlaubsprogramme k\u00f6nnen Sie in Kombination mit Hotel Eden buchen:<\/strong><\/p>\n<p>&nbsp;<\/p>\n<ul>\n<li><a title=\"Gleitschirmurlaub\" href=\"http:\/\/paragliding.olympicwings.com\/de\/\">Gleitschirmurlaub<\/a> f\u00fcr Flugschulen und Gruppen<\/li>\n<li><a title=\"Wanderurlaub\" href=\"http:\/\/www.hellasbyfoot.com\/de\/\">Wanderurlaub<\/a> am Olymp\n<ul>\n<li>Natur und Kultur Olympus individuell<\/li>\n<li>Verl\u00e4ngerungsurlaub f\u00fcr Trekking Olympus und Crossing Olympus<\/li>\n<\/ul>\n<\/li>\n<li><a title=\"Urlaub f\u00fcr behinderte Menschen\" href=\"http:\/\/enable.olympicwings.com\/de\/\">Urlaub f\u00fcr behinderte Menschen<\/a><\/li>\n<\/ul>\n<p>&nbsp;<\/p>\n<p>Wenn Sie sich entspannen und einen <strong>Strandurlaub<\/strong> machen m\u00f6chten, k\u00f6nnen Sie nur das Hotel buchen.<br \/>\nHotel Eden ist ideal f\u00fcr <strong>Familien<\/strong>, <strong>individuell Reisende<\/strong> und <strong>kleine Gruppen<\/strong> geeignet.<\/p>\n<p>&nbsp;<\/p>\n<p>Wir k\u00f6nnen f\u00fcr Sie einen <a title=\"Mietwagen\" href=\"http:\/\/www.olympicwings.com\/de\/transportation\">Mietwagen<\/a>, <a title=\"Aktivit\u00e4ten\" href=\"http:\/\/www.olympicwings.com\/de\/special-holidays\/activities\">Tagesaktivit\u00e4ten<\/a> und <a title=\"Ausfl\u00fcge\" href=\"http:\/\/www.olympicwings.com\/de\/special-holidays\/sightseeing\">Sightseeing Ausfl\u00fcge<\/a> w\u00e4hrend Ihres Aufenthaltes organisieren.<\/p>\n<p>&nbsp;<\/p>\n<h5 style=\"text-align: center;\">Foto Galerie<\/h5>\nngg_shortcode_1_placeholder\n","protected":false},"excerpt":{"rendered":"<p>Hotel Eden liegt in einer reizvollen Landschaft, am Fuss des G\u00f6tterbergs Olymp, im Gr\u00fcnen und doch in unmittelbarer N\u00e4he zum Meer im Dorf Nei Pori. Es ist nur 200 m vom weiten und besonders langen Sandstrand entfernt. &nbsp; Das Hotel Eden wurde 1985 gebaut und im Jahr 2006 komplett renoviert. Das famili\u00e4r gef\u00fchrte Hotel bietet [&hellip;]<\/p>\n","protected":false},"author":3,"featured_media":0,"parent":88,"menu_order":9,"comment_status":"closed","ping_status":"open","template":"","meta":{"ngg_post_thumbnail":0,"footnotes":""},"class_list":["post-120","page","type-page","status-publish","hentry"],"aioseo_notices":[],"_links":{"self":[{"href":"https:\/\/www.olympicwings.com\/de\/wp-json\/wp\/v2\/pages\/120","targetHints":{"allow":["GET"]}}],"collection":[{"href":"https:\/\/www.olympicwings.com\/de\/wp-json\/wp\/v2\/pages"}],"about":[{"href":"https:\/\/www.olympicwings.com\/de\/wp-json\/wp\/v2\/types\/page"}],"author":[{"embeddable":true,"href":"https:\/\/www.olympicwings.com\/de\/wp-json\/wp\/v2\/users\/3"}],"replies":[{"embeddable":true,"href":"https:\/\/www.olympicwings.com\/de\/wp-json\/wp\/v2\/comments?post=120"}],"version-history":[{"count":0,"href":"https:\/\/www.olympicwings.com\/de\/wp-json\/wp\/v2\/pages\/120\/revisions"}],"up":[{"embeddable":true,"href":"https:\/\/www.olympicwings.com\/de\/wp-json\/wp\/v2\/pages\/88"}],"wp:attachment":[{"href":"https:\/\/www.olympicwings.com\/de\/wp-json\/wp\/v2\/media?parent=120"}],"curies":[{"name":"wp","href":"https:\/\/api.w.org\/{rel}","templated":true}]}}